{"id":116,"date":"2025-11-12T17:32:33","date_gmt":"2025-11-12T17:32:33","guid":{"rendered":"http:\/\/reinventer-le-dechet.fr\/?page_id=116"},"modified":"2025-12-01T07:25:21","modified_gmt":"2025-12-01T07:25:21","slug":"le-colonialisme-des-dechets","status":"publish","type":"page","link":"http:\/\/reinventer-le-dechet.fr\/?page_id=116","title":{"rendered":"Le colonialisme des d\u00e9chets"},"content":{"rendered":"\n<p><a href=\"http:\/\/reinventer-le-dechet.fr\/?page_id=146\">Panneau pr\u00e9c\u00e9dent&#8230;<\/a><\/p>\n\n\n<div id=\"metaslider-id-523\" style=\"width: 100%;\" class=\"ml-slider-3-104-0 metaslider metaslider-flex metaslider-523 ml-slider has-dots-nav ms-theme-default-base\" role=\"region\" aria-label=\"Le colonialisme des d\u00e9chets\" data-width=\"1200\">\n    <div id=\"metaslider_container_523\">\n        <div id=\"metaslider_523\">\n            <ul aria-live='off' class='slides'>\n                <li style=\"display: block; width: 100%;\" class=\"slide-524 ms-image \" aria-roledescription=\"slide\" data-date=\"2025-11-26 11:57:32\" data-filename=\"DSC_9935.jpg\" data-slide-type=\"image\"><img decoding=\"async\" src=\"http:\/\/reinventer-le-dechet.fr\/wp-content\/uploads\/2025\/11\/DSC_9935.jpg\" width=\"1200\" alt=\"\" class=\"slider-523 slide-524 msDefaultImage\" title=\"DSC_9935\" \/><div class=\"caption-wrap\"><div class=\"caption\"><div>Istanbul, Turquie , 2015<\/div><\/div><\/div><\/li>\n                <li style=\"display: none; width: 100%;\" class=\"slide-525 ms-image \" aria-roledescription=\"slide\" data-date=\"2025-11-26 11:57:33\" data-filename=\"DSC_9936.jpg\" data-slide-type=\"image\"><img decoding=\"async\" src=\"http:\/\/reinventer-le-dechet.fr\/wp-content\/uploads\/2025\/11\/DSC_9936.jpg\" width=\"1200\" alt=\"\" class=\"slider-523 slide-525 msDefaultImage\" title=\"DSC_9936\" \/><div class=\"caption-wrap\"><div class=\"caption\"><div>Istanbul, Turquie , 2015<\/div><\/div><\/div><\/li>\n                <li style=\"display: none; width: 100%;\" class=\"slide-526 ms-image \" aria-roledescription=\"slide\" data-date=\"2025-11-26 11:57:33\" data-filename=\"DSC_9927.jpg\" data-slide-type=\"image\"><img decoding=\"async\" src=\"http:\/\/reinventer-le-dechet.fr\/wp-content\/uploads\/2025\/11\/DSC_9927.jpg\" width=\"1200\" alt=\"\" class=\"slider-523 slide-526 msDefaultImage\" title=\"DSC_9927\" \/><div class=\"caption-wrap\"><div class=\"caption\"><div>Istanbul, Turquie , 2015<\/div><\/div><\/div><\/li>\n            <\/ul>\n        <\/div>\n        \n    <\/div>\n<\/div>\n\n\n\n<p>Depuis la fermeture de la Chine aux d\u00e9chets \u00e9trangers en 2018, l&rsquo;Europe exporte vers la Turquie 400 000 tonnes par an de rebuts plastiques. Cette femme participe \u00e0 leur tri, mais seuls 10 % seront recycl\u00e9s. Ce \u00ab\u00a0colonialisme des d\u00e9chets\u00a0\u00bb vers les pays \u00e9mergents comprend un tiers de flux illicites, parfois toxiques, pourtant interdits par la Convention de B\u00e2le.<\/p>\n\n\n\n<p><strong>Pour en savoir plus sur le \u00ab\u00a0colonialisme des d\u00e9chets\u00a0\u00bb<\/strong> :<\/p>\n\n\n\n<p>Quelques extraits de l&rsquo;ouvrage de Max Liboiron, <a href=\"https:\/\/www.terrestres.org\/2024\/11\/05\/polluer-cest-coloniser\/\" target=\"_blank\" rel=\"noreferrer noopener\">\u00ab\u00a0Polluer c&rsquo;est coloniser\u00a0\u00bb<\/a>, <em>Terrestre, la revue des \u00e9cologies radicales<\/em>, 2024<\/p>\n\n\n\n<p class=\"has-text-align-right\"><a href=\"http:\/\/reinventer-le-dechet.fr\/?page_id=112\">Panneau suivant&#8230;<\/a><\/p>\n","protected":false},"excerpt":{"rendered":"<p>Panneau pr\u00e9c\u00e9dent&#8230; Depuis la fermeture de la Chine aux d\u00e9chets \u00e9trangers en 2018, l&rsquo;Europe exporte vers la Turquie 400 000 tonnes par an de rebuts plastiques. Cette femme participe \u00e0 leur tri, mais seuls 10 % seront recycl\u00e9s. Ce \u00ab\u00a0colonialisme des d\u00e9chets\u00a0\u00bb vers les pays \u00e9mergents comprend un tiers de flux illicites, parfois toxiques, pourtant &#8230; <a title=\"Le colonialisme des d\u00e9chets\" class=\"read-more\" href=\"http:\/\/reinventer-le-dechet.fr\/?page_id=116\" aria-label=\"En savoir plus sur Le colonialisme des d\u00e9chets\">Lire plus<\/a><\/p>\n","protected":false},"author":1,"featured_media":0,"parent":0,"menu_order":0,"comment_status":"closed","ping_status":"closed","template":"","meta":{"footnotes":""},"class_list":["post-116","page","type-page","status-publish"],"_links":{"self":[{"href":"http:\/\/reinventer-le-dechet.fr\/index.php?rest_route=\/wp\/v2\/pages\/116","targetHints":{"allow":["GET"]}}],"collection":[{"href":"http:\/\/reinventer-le-dechet.fr\/index.php?rest_route=\/wp\/v2\/pages"}],"about":[{"href":"http:\/\/reinventer-le-dechet.fr\/index.php?rest_route=\/wp\/v2\/types\/page"}],"author":[{"embeddable":true,"href":"http:\/\/reinventer-le-dechet.fr\/index.php?rest_route=\/wp\/v2\/users\/1"}],"replies":[{"embeddable":true,"href":"http:\/\/reinventer-le-dechet.fr\/index.php?rest_route=%2Fwp%2Fv2%2Fcomments&post=116"}],"version-history":[{"count":8,"href":"http:\/\/reinventer-le-dechet.fr\/index.php?rest_route=\/wp\/v2\/pages\/116\/revisions"}],"predecessor-version":[{"id":778,"href":"http:\/\/reinventer-le-dechet.fr\/index.php?rest_route=\/wp\/v2\/pages\/116\/revisions\/778"}],"wp:attachment":[{"href":"http:\/\/reinventer-le-dechet.fr\/index.php?rest_route=%2Fwp%2Fv2%2Fmedia&parent=116"}],"curies":[{"name":"wp","href":"https:\/\/api.w.org\/{rel}","templated":true}]}}