{"id":118,"date":"2025-11-12T17:36:47","date_gmt":"2025-11-12T17:36:47","guid":{"rendered":"http:\/\/reinventer-le-dechet.fr\/?page_id=118"},"modified":"2026-03-10T11:53:10","modified_gmt":"2026-03-10T11:53:10","slug":"de-la-decharge-a-la-cooperative","status":"publish","type":"page","link":"http:\/\/reinventer-le-dechet.fr\/?page_id=118","title":{"rendered":"De la d\u00e9charge \u00e0 la coop\u00e9rative"},"content":{"rendered":"\n<p><a href=\"http:\/\/reinventer-le-dechet.fr\/?page_id=156\">Panneau pr\u00e9c\u00e9dent&#8230;<\/a><\/p>\n\n\n<div id=\"metaslider-id-417\" style=\"width: 100%;\" class=\"ml-slider-3-104-0 metaslider metaslider-flex metaslider-417 ml-slider has-dots-nav ms-theme-default-base\" role=\"region\" aria-label=\"De la d\u00e9charge \u00e0 la coopr\u00e9rative\" data-width=\"1200\">\n    <div id=\"metaslider_container_417\">\n        <div id=\"metaslider_417\">\n            <ul aria-live='off' class='slides'>\n                <li style=\"display: block; width: 100%;\" class=\"slide-418 ms-image \" aria-roledescription=\"slide\" data-date=\"2025-11-26 10:17:21\" data-filename=\"L1020013.jpg\" data-slide-type=\"image\"><img decoding=\"async\" src=\"http:\/\/reinventer-le-dechet.fr\/wp-content\/uploads\/2025\/11\/L1020013.jpg\" width=\"1200\" alt=\"\" class=\"slider-417 slide-418 msDefaultImage\" title=\"L1020013\" \/><div class=\"caption-wrap\"><div class=\"caption\"><div>Rabat, Maroc, 2017<\/div><\/div><\/div><\/li>\n                <li style=\"display: none; width: 100%;\" class=\"slide-419 ms-image \" aria-roledescription=\"slide\" data-date=\"2025-11-26 10:17:21\" data-filename=\"L1010997.jpg\" data-slide-type=\"image\"><img decoding=\"async\" src=\"http:\/\/reinventer-le-dechet.fr\/wp-content\/uploads\/2025\/11\/L1010997.jpg\" width=\"1200\" alt=\"\" class=\"slider-417 slide-419 msDefaultImage\" title=\"L1010997\" \/><div class=\"caption-wrap\"><div class=\"caption\"><div>Rabat, Maroc, 2017<\/div><\/div><\/div><\/li>\n                <li style=\"display: none; width: 100%;\" class=\"slide-420 ms-image \" aria-roledescription=\"slide\" data-date=\"2025-11-26 10:17:21\" data-filename=\"L1020012.jpg\" data-slide-type=\"image\"><img decoding=\"async\" src=\"http:\/\/reinventer-le-dechet.fr\/wp-content\/uploads\/2025\/11\/L1020012.jpg\" width=\"1200\" alt=\"\" class=\"slider-417 slide-420 msDefaultImage\" title=\"L1020012\" \/><div class=\"caption-wrap\"><div class=\"caption\"><div>Rabat, Maroc, 2017<\/div><\/div><\/div><\/li>\n            <\/ul>\n        <\/div>\n        \n    <\/div>\n<\/div>\n\n\n\n<p>\u00c0 Rabat, la coop\u00e9rative At Tawafouk rassemble 150 r\u00e9cup\u00e9rateurs de l&rsquo;ancienne d\u00e9charge, dont 27 femmes. Leurs conditions de vie et de travail se sont am\u00e9lior\u00e9es et At Tawafouk est devenue un maillon de l&rsquo;\u00e9conomie du recyclage. La coop\u00e9rative prot\u00e8ge de la corruption, \u00e9vite le travail des enfants, procure un vrai salaire et des droits sociaux.<\/p>\n\n\n\n<p><strong>Pour en savoir plus sur la coop\u00e9rative de Rabat<\/strong> :<\/p>\n\n\n\n<p>Un article de Fanny Verrax, <a href=\"https:\/\/reporterre.net\/Organises-en-cooperative-les-recuperateurs-de-dechets-marocains-vivent-mieux\" target=\"_blank\" rel=\"noreferrer noopener\">\u00ab\u00a0Organis\u00e9s en coop\u00e9rative, les r\u00e9cup\u00e9rateurs de d\u00e9chets marocains vivent mieux\u00a0\u00bb<\/a>, <em>Reporterre<\/em>, 2021<\/p>\n\n\n\n<p class=\"has-text-align-right\"><a href=\"http:\/\/reinventer-le-dechet.fr\/?page_id=172\" data-type=\"link\" data-id=\"http:\/\/reinventer-le-dechet.fr\/?page_id=172\">Panneau suivant..<\/a><\/p>\n","protected":false},"excerpt":{"rendered":"<p>Panneau pr\u00e9c\u00e9dent&#8230; \u00c0 Rabat, la coop\u00e9rative At Tawafouk rassemble 150 r\u00e9cup\u00e9rateurs de l&rsquo;ancienne d\u00e9charge, dont 27 femmes. Leurs conditions de vie et de travail se sont am\u00e9lior\u00e9es et At Tawafouk est devenue un maillon de l&rsquo;\u00e9conomie du recyclage. La coop\u00e9rative prot\u00e8ge de la corruption, \u00e9vite le travail des enfants, procure un vrai salaire et des &#8230; <a title=\"De la d\u00e9charge \u00e0 la coop\u00e9rative\" class=\"read-more\" href=\"http:\/\/reinventer-le-dechet.fr\/?page_id=118\" aria-label=\"En savoir plus sur De la d\u00e9charge \u00e0 la coop\u00e9rative\">Lire plus<\/a><\/p>\n","protected":false},"author":1,"featured_media":0,"parent":0,"menu_order":0,"comment_status":"closed","ping_status":"closed","template":"","meta":{"footnotes":""},"class_list":["post-118","page","type-page","status-publish"],"_links":{"self":[{"href":"http:\/\/reinventer-le-dechet.fr\/index.php?rest_route=\/wp\/v2\/pages\/118","targetHints":{"allow":["GET"]}}],"collection":[{"href":"http:\/\/reinventer-le-dechet.fr\/index.php?rest_route=\/wp\/v2\/pages"}],"about":[{"href":"http:\/\/reinventer-le-dechet.fr\/index.php?rest_route=\/wp\/v2\/types\/page"}],"author":[{"embeddable":true,"href":"http:\/\/reinventer-le-dechet.fr\/index.php?rest_route=\/wp\/v2\/users\/1"}],"replies":[{"embeddable":true,"href":"http:\/\/reinventer-le-dechet.fr\/index.php?rest_route=%2Fwp%2Fv2%2Fcomments&post=118"}],"version-history":[{"count":6,"href":"http:\/\/reinventer-le-dechet.fr\/index.php?rest_route=\/wp\/v2\/pages\/118\/revisions"}],"predecessor-version":[{"id":808,"href":"http:\/\/reinventer-le-dechet.fr\/index.php?rest_route=\/wp\/v2\/pages\/118\/revisions\/808"}],"wp:attachment":[{"href":"http:\/\/reinventer-le-dechet.fr\/index.php?rest_route=%2Fwp%2Fv2%2Fmedia&parent=118"}],"curies":[{"name":"wp","href":"https:\/\/api.w.org\/{rel}","templated":true}]}}