{"id":120,"date":"2025-11-12T17:37:37","date_gmt":"2025-11-12T17:37:37","guid":{"rendered":"http:\/\/reinventer-le-dechet.fr\/?page_id=120"},"modified":"2025-11-29T10:42:33","modified_gmt":"2025-11-29T10:42:33","slug":"dejeuner-dans-latelier","status":"publish","type":"page","link":"http:\/\/reinventer-le-dechet.fr\/?page_id=120","title":{"rendered":"D\u00e9jeuner dans l&rsquo;atelier"},"content":{"rendered":"\n<p><a href=\"http:\/\/reinventer-le-dechet.fr\/?page_id=29\">Panneau pr\u00e9c\u00e9dent&#8230;<\/a><\/p>\n\n\n<div id=\"metaslider-id-423\" style=\"width: 100%;\" class=\"ml-slider-3-104-0 metaslider metaslider-flex metaslider-423 ml-slider has-dots-nav ms-theme-default-base\" role=\"region\" aria-label=\"D\u00e9jeuner dans l&#039;atelier\" data-width=\"1200\">\n    <div id=\"metaslider_container_423\">\n        <div id=\"metaslider_423\">\n            <ul aria-live='off' class='slides'>\n                <li style=\"display: block; width: 100%;\" class=\"slide-429 ms-image \" aria-roledescription=\"slide\" data-date=\"2025-11-26 10:26:15\" data-filename=\"L1050565.jpg\" data-slide-type=\"image\"><img decoding=\"async\" src=\"http:\/\/reinventer-le-dechet.fr\/wp-content\/uploads\/2025\/11\/L1050565.jpg\" width=\"1200\" alt=\"\" class=\"slider-423 slide-429 msDefaultImage\" title=\"L1050565\" \/><div class=\"caption-wrap\"><div class=\"caption\"><div>Le Caire, \u00c9gypte, 2023<\/div><\/div><\/div><\/li>\n                <li style=\"display: none; width: 100%;\" class=\"slide-427 ms-image \" aria-roledescription=\"slide\" data-date=\"2025-11-26 10:26:15\" data-filename=\"L1050569.jpg\" data-slide-type=\"image\"><img decoding=\"async\" src=\"http:\/\/reinventer-le-dechet.fr\/wp-content\/uploads\/2025\/11\/L1050569.jpg\" width=\"1200\" alt=\"\" class=\"slider-423 slide-427 msDefaultImage\" title=\"L1050569\" \/><div class=\"caption-wrap\"><div class=\"caption\"><div>Le Caire, \u00c9gypte, 2023<\/div><\/div><\/div><\/li>\n                <li style=\"display: none; width: 100%;\" class=\"slide-428 ms-image \" aria-roledescription=\"slide\" data-date=\"2025-11-26 10:26:15\" data-filename=\"L1050570.jpg\" data-slide-type=\"image\"><img decoding=\"async\" src=\"http:\/\/reinventer-le-dechet.fr\/wp-content\/uploads\/2025\/11\/L1050570.jpg\" width=\"1200\" alt=\"\" class=\"slider-423 slide-428 msDefaultImage\" title=\"L1050570\" \/><div class=\"caption-wrap\"><div class=\"caption\"><div>Le Caire, \u00c9gypte, 2023<\/div><\/div><\/div><\/li>\n            <\/ul>\n        <\/div>\n        \n    <\/div>\n<\/div>\n\n\n\n<p>Les zabb\u00e2l\u00een, recycleurs autodidactes, savent depuis longtemps traiter les plastiques gr\u00e2ce aux broyeurs qu&rsquo;ils ont eux-m\u00eames con\u00e7us. Ing\u00e9nieux, ils ont aussi dupliqu\u00e9 une machine perfectionn\u00e9e, import\u00e9e et achet\u00e9e collectivement, pour fabriquer des granul\u00e9s. Ils produisent ainsi plus de la moiti\u00e9 du plastique recycl\u00e9 \u00e9gyptien destin\u00e9 au march\u00e9 local et international.<\/p>\n\n\n\n<p class=\"has-text-align-right\"><a href=\"http:\/\/reinventer-le-dechet.fr\/?page_id=110\">Panneau suivant&#8230;<\/a><\/p>\n","protected":false},"excerpt":{"rendered":"<p>Panneau pr\u00e9c\u00e9dent&#8230; Les zabb\u00e2l\u00een, recycleurs autodidactes, savent depuis longtemps traiter les plastiques gr\u00e2ce aux broyeurs qu&rsquo;ils ont eux-m\u00eames con\u00e7us. Ing\u00e9nieux, ils ont aussi dupliqu\u00e9 une machine perfectionn\u00e9e, import\u00e9e et achet\u00e9e collectivement, pour fabriquer des granul\u00e9s. Ils produisent ainsi plus de la moiti\u00e9 du plastique recycl\u00e9 \u00e9gyptien destin\u00e9 au march\u00e9 local et international. Panneau suivant&#8230;<\/p>\n","protected":false},"author":1,"featured_media":0,"parent":0,"menu_order":0,"comment_status":"closed","ping_status":"closed","template":"","meta":{"footnotes":""},"class_list":["post-120","page","type-page","status-publish"],"_links":{"self":[{"href":"http:\/\/reinventer-le-dechet.fr\/index.php?rest_route=\/wp\/v2\/pages\/120","targetHints":{"allow":["GET"]}}],"collection":[{"href":"http:\/\/reinventer-le-dechet.fr\/index.php?rest_route=\/wp\/v2\/pages"}],"about":[{"href":"http:\/\/reinventer-le-dechet.fr\/index.php?rest_route=\/wp\/v2\/types\/page"}],"author":[{"embeddable":true,"href":"http:\/\/reinventer-le-dechet.fr\/index.php?rest_route=\/wp\/v2\/users\/1"}],"replies":[{"embeddable":true,"href":"http:\/\/reinventer-le-dechet.fr\/index.php?rest_route=%2Fwp%2Fv2%2Fcomments&post=120"}],"version-history":[{"count":3,"href":"http:\/\/reinventer-le-dechet.fr\/index.php?rest_route=\/wp\/v2\/pages\/120\/revisions"}],"predecessor-version":[{"id":637,"href":"http:\/\/reinventer-le-dechet.fr\/index.php?rest_route=\/wp\/v2\/pages\/120\/revisions\/637"}],"wp:attachment":[{"href":"http:\/\/reinventer-le-dechet.fr\/index.php?rest_route=%2Fwp%2Fv2%2Fmedia&parent=120"}],"curies":[{"name":"wp","href":"https:\/\/api.w.org\/{rel}","templated":true}]}}