{"id":126,"date":"2025-11-12T17:39:55","date_gmt":"2025-11-12T17:39:55","guid":{"rendered":"http:\/\/reinventer-le-dechet.fr\/?page_id=126"},"modified":"2025-11-30T13:34:29","modified_gmt":"2025-11-30T13:34:29","slug":"poser-pour-etre-reconnues","status":"publish","type":"page","link":"http:\/\/reinventer-le-dechet.fr\/?page_id=126","title":{"rendered":"Poser pour \u00eatre reconnues"},"content":{"rendered":"\n<p><a href=\"http:\/\/reinventer-le-dechet.fr\/?page_id=164\">Panneau pr\u00e9c\u00e9dent&#8230;<\/a><\/p>\n\n\n<div id=\"metaslider-id-574\" style=\"width: 100%;\" class=\"ml-slider-3-104-0 metaslider metaslider-flex metaslider-574 ml-slider has-dots-nav ms-theme-default-base\" role=\"region\" aria-label=\"Poser pour \u00eatre reconnues\" data-width=\"1200\">\n    <div id=\"metaslider_container_574\">\n        <div id=\"metaslider_574\">\n            <ul aria-live='off' class='slides'>\n                <li style=\"display: block; width: 100%;\" class=\"slide-577 ms-image \" aria-roledescription=\"slide\" data-date=\"2025-11-26 12:35:38\" data-filename=\"L1050411.jpg\" data-slide-type=\"image\"><img decoding=\"async\" src=\"http:\/\/reinventer-le-dechet.fr\/wp-content\/uploads\/2025\/11\/L1050411.jpg\" width=\"1200\" alt=\"\" class=\"slider-574 slide-577 msDefaultImage\" title=\"L1050411\" \/><div class=\"caption-wrap\"><div class=\"caption\"><div>Casablanca, Maroc, 2016<\/div><\/div><\/div><\/li>\n                <li style=\"display: none; width: 100%;\" class=\"slide-575 ms-image \" aria-roledescription=\"slide\" data-date=\"2025-11-26 12:35:38\" data-filename=\"L1050414.jpg\" data-slide-type=\"image\"><img decoding=\"async\" src=\"http:\/\/reinventer-le-dechet.fr\/wp-content\/uploads\/2025\/11\/L1050414.jpg\" width=\"1200\" alt=\"\" class=\"slider-574 slide-575 msDefaultImage\" title=\"L1050414\" \/><div class=\"caption-wrap\"><div class=\"caption\"><div>Casablanca, Maroc, 2016<\/div><\/div><\/div><\/li>\n            <\/ul>\n        <\/div>\n        \n    <\/div>\n<\/div>\n\n\n\n<p>\u00c0 Casablanca, les r\u00e9cup\u00e9ratrices sont souvent originaires de la campagne o\u00f9 elles retournent pour les r\u00e9coltes. Leurs modestes revenus constituent un appoint indispensable \u00e0 l\u2019\u00e9conomie familiale ou leur permettent de survivre lorsqu\u2019elles sont seules. Dans ce quartier, organis\u00e9 par les recycleurs, ces femmes sont affect\u00e9es au tri et \u00e9chappent au monde violent et toxique de la d\u00e9charge.<\/p>\n\n\n\n<p><strong>Pour en savoir plus sur les r\u00e9cup\u00e9rateurs-recycleurs de Casablanca<\/strong> :<\/p>\n\n\n\n<p>Un article de B\u00e9n\u00e9dicte Florin, Pascal Garret et Mustapha Azaitraoui, <a href=\"https:\/\/theconversation.com\/les-petites-mains-du-recyclage-marocain-75348\" target=\"_blank\" rel=\"noreferrer noopener\">\u00ab\u00a0Les petites mains du recyclage marocain\u00a0\u00bb<\/a>,&nbsp; <em>The Conversation <\/em>(en fran\u00e7ais), 2017<\/p>\n\n\n\n<p class=\"has-text-align-right\"><a href=\"http:\/\/reinventer-le-dechet.fr\/?page_id=148\">Panneau suivant&#8230;<\/a><\/p>\n","protected":false},"excerpt":{"rendered":"<p>Panneau pr\u00e9c\u00e9dent&#8230; \u00c0 Casablanca, les r\u00e9cup\u00e9ratrices sont souvent originaires de la campagne o\u00f9 elles retournent pour les r\u00e9coltes. Leurs modestes revenus constituent un appoint indispensable \u00e0 l\u2019\u00e9conomie familiale ou leur permettent de survivre lorsqu\u2019elles sont seules. Dans ce quartier, organis\u00e9 par les recycleurs, ces femmes sont affect\u00e9es au tri et \u00e9chappent au monde violent et &#8230; <a title=\"Poser pour \u00eatre reconnues\" class=\"read-more\" href=\"http:\/\/reinventer-le-dechet.fr\/?page_id=126\" aria-label=\"En savoir plus sur Poser pour \u00eatre reconnues\">Lire plus<\/a><\/p>\n","protected":false},"author":1,"featured_media":0,"parent":0,"menu_order":0,"comment_status":"closed","ping_status":"closed","template":"","meta":{"footnotes":""},"class_list":["post-126","page","type-page","status-publish"],"_links":{"self":[{"href":"http:\/\/reinventer-le-dechet.fr\/index.php?rest_route=\/wp\/v2\/pages\/126","targetHints":{"allow":["GET"]}}],"collection":[{"href":"http:\/\/reinventer-le-dechet.fr\/index.php?rest_route=\/wp\/v2\/pages"}],"about":[{"href":"http:\/\/reinventer-le-dechet.fr\/index.php?rest_route=\/wp\/v2\/types\/page"}],"author":[{"embeddable":true,"href":"http:\/\/reinventer-le-dechet.fr\/index.php?rest_route=\/wp\/v2\/users\/1"}],"replies":[{"embeddable":true,"href":"http:\/\/reinventer-le-dechet.fr\/index.php?rest_route=%2Fwp%2Fv2%2Fcomments&post=126"}],"version-history":[{"count":8,"href":"http:\/\/reinventer-le-dechet.fr\/index.php?rest_route=\/wp\/v2\/pages\/126\/revisions"}],"predecessor-version":[{"id":773,"href":"http:\/\/reinventer-le-dechet.fr\/index.php?rest_route=\/wp\/v2\/pages\/126\/revisions\/773"}],"wp:attachment":[{"href":"http:\/\/reinventer-le-dechet.fr\/index.php?rest_route=%2Fwp%2Fv2%2Fmedia&parent=126"}],"curies":[{"name":"wp","href":"https:\/\/api.w.org\/{rel}","templated":true}]}}