{"id":128,"date":"2025-11-12T17:40:44","date_gmt":"2025-11-12T17:40:44","guid":{"rendered":"http:\/\/reinventer-le-dechet.fr\/?page_id=128"},"modified":"2025-11-29T10:55:22","modified_gmt":"2025-11-29T10:55:22","slug":"dans-la-mondialisation","status":"publish","type":"page","link":"http:\/\/reinventer-le-dechet.fr\/?page_id=128","title":{"rendered":"Dans la mondialisation"},"content":{"rendered":"\n<p><a href=\"http:\/\/reinventer-le-dechet.fr\/?page_id=144\">Panneau pr\u00e9c\u00e9dent&#8230;<\/a><\/p>\n\n\n<div id=\"metaslider-id-403\" style=\"width: 100%;\" class=\"ml-slider-3-104-0 metaslider metaslider-flex metaslider-403 ml-slider has-dots-nav ms-theme-default-base\" role=\"region\" aria-label=\"Dans la mondialisation\" data-width=\"1200\">\n    <div id=\"metaslider_container_403\">\n        <div id=\"metaslider_403\">\n            <ul aria-live='off' class='slides'>\n                <li style=\"display: block; width: 100%;\" class=\"slide-408 ms-image \" aria-roledescription=\"slide\" data-date=\"2025-11-26 09:56:57\" data-filename=\"Lome_12_2019-450.jpg\" data-slide-type=\"image\"><img decoding=\"async\" src=\"http:\/\/reinventer-le-dechet.fr\/wp-content\/uploads\/2025\/11\/Lome_12_2019-450.jpg\" width=\"1200\" alt=\"\" class=\"slider-403 slide-408 msDefaultImage\" title=\"Lome\u0301_12_2019 - 450\" \/><div class=\"caption-wrap\"><div class=\"caption\"><div>Lom\u00e9, Togo, 2019<\/div><\/div><\/div><\/li>\n                <li style=\"display: none; width: 100%;\" class=\"slide-405 ms-image \" aria-roledescription=\"slide\" data-date=\"2025-11-26 09:54:42\" data-filename=\"Lome_12_2019-439.jpg\" data-slide-type=\"image\"><img decoding=\"async\" src=\"http:\/\/reinventer-le-dechet.fr\/wp-content\/uploads\/2025\/11\/Lome_12_2019-439.jpg\" width=\"1200\" alt=\"\" class=\"slider-403 slide-405 msDefaultImage\" title=\"Lome\u0301_12_2019 - 439\" \/><div class=\"caption-wrap\"><div class=\"caption\"><div>Lom\u00e9, Togo, 2019<\/div><\/div><\/div><\/li>\n                <li style=\"display: none; width: 100%;\" class=\"slide-406 ms-image \" aria-roledescription=\"slide\" data-date=\"2025-11-26 09:54:42\" data-filename=\"Lome_12_2019-452.jpg\" data-slide-type=\"image\"><img decoding=\"async\" src=\"http:\/\/reinventer-le-dechet.fr\/wp-content\/uploads\/2025\/11\/Lome_12_2019-452.jpg\" width=\"1200\" alt=\"\" class=\"slider-403 slide-406 msDefaultImage\" title=\"Lome\u0301_12_2019 - 452\" \/><div class=\"caption-wrap\"><div class=\"caption\"><div>Lom\u00e9, Togo, 2019<\/div><\/div><\/div><\/li>\n            <\/ul>\n        <\/div>\n        \n    <\/div>\n<\/div>\n\n\n\n<p>Lom\u00e9 poss\u00e8de un port en eau profonde et un commerce actif de ferrailles qui arrivent par camions du B\u00e9nin, du Ghana, du Burkina Faso et m\u00eame du Niger et du Mali. Chez ce grossiste, ces femmes trient au plus fin les m\u00e9taux avant la revente aux n\u00e9gociants du port. Des milliers de tonnes de ferrailles sont ensuite export\u00e9es par cargos vers l&rsquo;Inde.<\/p>\n\n\n\n<p class=\"has-text-align-right\"><a href=\"http:\/\/reinventer-le-dechet.fr\/?page_id=162\">Panneau suivant&#8230;<\/a><\/p>\n","protected":false},"excerpt":{"rendered":"<p>Panneau pr\u00e9c\u00e9dent&#8230; Lom\u00e9 poss\u00e8de un port en eau profonde et un commerce actif de ferrailles qui arrivent par camions du B\u00e9nin, du Ghana, du Burkina Faso et m\u00eame du Niger et du Mali. Chez ce grossiste, ces femmes trient au plus fin les m\u00e9taux avant la revente aux n\u00e9gociants du port. Des milliers de tonnes &#8230; <a title=\"Dans la mondialisation\" class=\"read-more\" href=\"http:\/\/reinventer-le-dechet.fr\/?page_id=128\" aria-label=\"En savoir plus sur Dans la mondialisation\">Lire plus<\/a><\/p>\n","protected":false},"author":1,"featured_media":0,"parent":0,"menu_order":0,"comment_status":"closed","ping_status":"closed","template":"","meta":{"footnotes":""},"class_list":["post-128","page","type-page","status-publish"],"_links":{"self":[{"href":"http:\/\/reinventer-le-dechet.fr\/index.php?rest_route=\/wp\/v2\/pages\/128","targetHints":{"allow":["GET"]}}],"collection":[{"href":"http:\/\/reinventer-le-dechet.fr\/index.php?rest_route=\/wp\/v2\/pages"}],"about":[{"href":"http:\/\/reinventer-le-dechet.fr\/index.php?rest_route=\/wp\/v2\/types\/page"}],"author":[{"embeddable":true,"href":"http:\/\/reinventer-le-dechet.fr\/index.php?rest_route=\/wp\/v2\/users\/1"}],"replies":[{"embeddable":true,"href":"http:\/\/reinventer-le-dechet.fr\/index.php?rest_route=%2Fwp%2Fv2%2Fcomments&post=128"}],"version-history":[{"count":4,"href":"http:\/\/reinventer-le-dechet.fr\/index.php?rest_route=\/wp\/v2\/pages\/128\/revisions"}],"predecessor-version":[{"id":649,"href":"http:\/\/reinventer-le-dechet.fr\/index.php?rest_route=\/wp\/v2\/pages\/128\/revisions\/649"}],"wp:attachment":[{"href":"http:\/\/reinventer-le-dechet.fr\/index.php?rest_route=%2Fwp%2Fv2%2Fmedia&parent=128"}],"curies":[{"name":"wp","href":"https:\/\/api.w.org\/{rel}","templated":true}]}}