{"id":146,"date":"2025-11-13T16:30:30","date_gmt":"2025-11-13T16:30:30","guid":{"rendered":"http:\/\/reinventer-le-dechet.fr\/?page_id=146"},"modified":"2025-11-29T17:56:27","modified_gmt":"2025-11-29T17:56:27","slug":"lhomme-a-lesquimau","status":"publish","type":"page","link":"http:\/\/reinventer-le-dechet.fr\/?page_id=146","title":{"rendered":"L&rsquo;homme \u00e0 l&rsquo;esquimau"},"content":{"rendered":"\n<p><a href=\"http:\/\/reinventer-le-dechet.fr\/?page_id=114\">Panneau pr\u00e9c\u00e9dent&#8230;<\/a><\/p>\n\n\n<div id=\"metaslider-id-470\" style=\"width: 100%;\" class=\"ml-slider-3-104-0 metaslider metaslider-flex metaslider-470 ml-slider has-dots-nav ms-theme-default-base\" role=\"region\" aria-label=\"L&#039;homme \u00e0 l&#039;esquimau\" data-width=\"1200\">\n    <div id=\"metaslider_container_470\">\n        <div id=\"metaslider_470\">\n            <ul aria-live='off' class='slides'>\n                <li style=\"display: block; width: 100%;\" class=\"slide-476 ms-image \" aria-roledescription=\"slide\" data-date=\"2025-11-26 11:14:16\" data-filename=\"L1050439-1.jpg\" data-slide-type=\"image\"><img decoding=\"async\" src=\"http:\/\/reinventer-le-dechet.fr\/wp-content\/uploads\/2025\/11\/L1050439-1.jpg\" width=\"1200\" alt=\"\" class=\"slider-470 slide-476 msDefaultImage\" title=\"L1050439\" \/><div class=\"caption-wrap\"><div class=\"caption\"><div>Casablanca, Maroc, 2014<\/div><\/div><\/div><\/li>\n                <li style=\"display: none; width: 100%;\" class=\"slide-474 ms-image \" aria-roledescription=\"slide\" data-date=\"2025-11-26 11:14:15\" data-filename=\"DSC_8109-1.jpg\" data-slide-type=\"image\"><img decoding=\"async\" src=\"http:\/\/reinventer-le-dechet.fr\/wp-content\/uploads\/2025\/11\/DSC_8109-1.jpg\" width=\"1200\" alt=\"\" class=\"slider-470 slide-474 msDefaultImage\" title=\"DSC_8109\" \/><div class=\"caption-wrap\"><div class=\"caption\"><div>Casablanca, Maroc, 2014<\/div><\/div><\/div><\/li>\n                <li style=\"display: none; width: 100%;\" class=\"slide-475 ms-image \" aria-roledescription=\"slide\" data-date=\"2025-11-26 11:14:16\" data-filename=\"L1010732-1.jpg\" data-slide-type=\"image\"><img decoding=\"async\" src=\"http:\/\/reinventer-le-dechet.fr\/wp-content\/uploads\/2025\/11\/L1010732-1.jpg\" width=\"1200\" alt=\"\" class=\"slider-470 slide-475 msDefaultImage\" title=\"L1010732\" \/><div class=\"caption-wrap\"><div class=\"caption\"><div>Casablanca, Maroc, 2017<\/div><\/div><\/div><\/li>\n            <\/ul>\n        <\/div>\n        \n    <\/div>\n<\/div>\n\n\n\n<p>\u00c0 Casablanca, les quartiers ais\u00e9s sont difficiles d&rsquo;acc\u00e8s et les \u00e2nes interdits en ville. Les r\u00e9cup\u00e9rateurs collectent alors dans les p\u00e9riph\u00e9ries populaires o\u00f9 ils sont mieux tol\u00e9r\u00e9s. Cet homme est un bou\u00e2r, mot d\u00e9riv\u00e9 du fran\u00e7ais \u00ab\u00a0\u00e9boueur\u00a0\u00bb, de retour de tourn\u00e9e. Son chargement de polystyr\u00e8ne sera revendu comme isolant dans le b\u00e2timent.<\/p>\n\n\n\n<p><strong>Pour en savoir plus sur les r\u00e9cup\u00e9rateurs du Caire, de Casablanca et d&rsquo;Istanbul<\/strong> :<\/p>\n\n\n\n<p>Un article de B\u00e9n\u00e9dicte Florin, <a href=\"https:\/\/journals.openedition.org\/tc\/8018\" target=\"_blank\" rel=\"noreferrer noopener\">\u00ab\u00a0\u00ab\u2009Rien ne se perd\u2009!\u2009\u00bb. R\u00e9cup\u00e9rer les d\u00e9chets au\u2009Caire, \u00e0 Casablanca et \u00e0 Istanbul\u00a0\u00bb<\/a>, <em>Techniques &amp; Culture,<\/em> n\u00b065-66, 2016<\/p>\n\n\n\n<p class=\"has-text-align-right\"><a href=\"http:\/\/reinventer-le-dechet.fr\/?page_id=116\">Panneau suivant&#8230;<\/a><\/p>\n","protected":false},"excerpt":{"rendered":"<p>Panneau pr\u00e9c\u00e9dent&#8230; \u00c0 Casablanca, les quartiers ais\u00e9s sont difficiles d&rsquo;acc\u00e8s et les \u00e2nes interdits en ville. Les r\u00e9cup\u00e9rateurs collectent alors dans les p\u00e9riph\u00e9ries populaires o\u00f9 ils sont mieux tol\u00e9r\u00e9s. Cet homme est un bou\u00e2r, mot d\u00e9riv\u00e9 du fran\u00e7ais \u00ab\u00a0\u00e9boueur\u00a0\u00bb, de retour de tourn\u00e9e. Son chargement de polystyr\u00e8ne sera revendu comme isolant dans le b\u00e2timent. Pour &#8230; <a title=\"L&rsquo;homme \u00e0 l&rsquo;esquimau\" class=\"read-more\" href=\"http:\/\/reinventer-le-dechet.fr\/?page_id=146\" aria-label=\"En savoir plus sur L&rsquo;homme \u00e0 l&rsquo;esquimau\">Lire plus<\/a><\/p>\n","protected":false},"author":1,"featured_media":0,"parent":0,"menu_order":0,"comment_status":"closed","ping_status":"closed","template":"","meta":{"footnotes":""},"class_list":["post-146","page","type-page","status-publish"],"_links":{"self":[{"href":"http:\/\/reinventer-le-dechet.fr\/index.php?rest_route=\/wp\/v2\/pages\/146","targetHints":{"allow":["GET"]}}],"collection":[{"href":"http:\/\/reinventer-le-dechet.fr\/index.php?rest_route=\/wp\/v2\/pages"}],"about":[{"href":"http:\/\/reinventer-le-dechet.fr\/index.php?rest_route=\/wp\/v2\/types\/page"}],"author":[{"embeddable":true,"href":"http:\/\/reinventer-le-dechet.fr\/index.php?rest_route=\/wp\/v2\/users\/1"}],"replies":[{"embeddable":true,"href":"http:\/\/reinventer-le-dechet.fr\/index.php?rest_route=%2Fwp%2Fv2%2Fcomments&post=146"}],"version-history":[{"count":5,"href":"http:\/\/reinventer-le-dechet.fr\/index.php?rest_route=\/wp\/v2\/pages\/146\/revisions"}],"predecessor-version":[{"id":733,"href":"http:\/\/reinventer-le-dechet.fr\/index.php?rest_route=\/wp\/v2\/pages\/146\/revisions\/733"}],"wp:attachment":[{"href":"http:\/\/reinventer-le-dechet.fr\/index.php?rest_route=%2Fwp%2Fv2%2Fmedia&parent=146"}],"curies":[{"name":"wp","href":"https:\/\/api.w.org\/{rel}","templated":true}]}}