{"id":148,"date":"2025-11-13T16:31:11","date_gmt":"2025-11-13T16:31:11","guid":{"rendered":"http:\/\/reinventer-le-dechet.fr\/?page_id=148"},"modified":"2025-11-30T13:36:57","modified_gmt":"2025-11-30T13:36:57","slug":"linepuisable-marche-du-reemploi","status":"publish","type":"page","link":"http:\/\/reinventer-le-dechet.fr\/?page_id=148","title":{"rendered":"L&rsquo;in\u00e9puisable march\u00e9 du r\u00e9emploi"},"content":{"rendered":"\n<p><a href=\"http:\/\/reinventer-le-dechet.fr\/?page_id=126\">Panneau pr\u00e9c\u00e9dent&#8230;<\/a><\/p>\n\n\n<div id=\"metaslider-id-480\" style=\"width: 100%;\" class=\"ml-slider-3-104-0 metaslider metaslider-flex metaslider-480 ml-slider has-dots-nav ms-theme-default-base\" role=\"region\" aria-label=\"L&#039;in\u00e9puisable march\u00e9 du r\u00e9emploi\" data-width=\"1200\">\n    <div id=\"metaslider_container_480\">\n        <div id=\"metaslider_480\">\n            <ul aria-live='off' class='slides'>\n                <li style=\"display: block; width: 100%;\" class=\"slide-481 ms-image \" aria-roledescription=\"slide\" data-date=\"2025-11-26 11:19:48\" data-filename=\"L1060019.jpg\" data-slide-type=\"image\"><img decoding=\"async\" src=\"http:\/\/reinventer-le-dechet.fr\/wp-content\/uploads\/2025\/11\/L1060019.jpg\" width=\"1200\" alt=\"\" class=\"slider-480 slide-481 msDefaultImage\" title=\"L1060019\" \/><div class=\"caption-wrap\"><div class=\"caption\"><div>Mumbai, Inde, 2018<\/div><\/div><\/div><\/li>\n                <li style=\"display: none; width: 100%;\" class=\"slide-482 ms-image \" aria-roledescription=\"slide\" data-date=\"2025-11-26 11:19:48\" data-filename=\"L1060008.jpg\" data-slide-type=\"image\"><img decoding=\"async\" src=\"http:\/\/reinventer-le-dechet.fr\/wp-content\/uploads\/2025\/11\/L1060008.jpg\" width=\"1200\" alt=\"\" class=\"slider-480 slide-482 msDefaultImage\" title=\"L1060008\" \/><div class=\"caption-wrap\"><div class=\"caption\"><div>Mumbai, Inde, 2018<\/div><\/div><\/div><\/li>\n                <li style=\"display: none; width: 100%;\" class=\"slide-483 ms-image \" aria-roledescription=\"slide\" data-date=\"2025-11-26 11:19:48\" data-filename=\"L1050999.jpg\" data-slide-type=\"image\"><img decoding=\"async\" src=\"http:\/\/reinventer-le-dechet.fr\/wp-content\/uploads\/2025\/11\/L1050999.jpg\" width=\"1200\" alt=\"\" class=\"slider-480 slide-483 msDefaultImage\" title=\"L1050999\" \/><div class=\"caption-wrap\"><div class=\"caption\"><div>Mumbai, Inde, 2018<\/div><\/div><\/div><\/li>\n            <\/ul>\n        <\/div>\n        \n    <\/div>\n<\/div>\n\n\n\n<p>Chez les car-breakers, les pi\u00e8ces d\u00e9tach\u00e9es sont minutieusement r\u00e9vis\u00e9es dans les ateliers avant d&rsquo;\u00eatre revendues dans l&rsquo;une des innombrables boutiques du quartier. Le r\u00e9emploi des pi\u00e8ces automobiles a beaucoup progress\u00e9. Mais, plus d&rsquo;un milliard de v\u00e9hicules est en circulation sur la plan\u00e8te : seront-ils tous recycl\u00e9s ?<\/p>\n\n\n\n<p class=\"has-text-align-right\"><a href=\"http:\/\/reinventer-le-dechet.fr\/?page_id=156\">Panneau suivant&#8230;<\/a><\/p>\n","protected":false},"excerpt":{"rendered":"<p>Panneau pr\u00e9c\u00e9dent&#8230; Chez les car-breakers, les pi\u00e8ces d\u00e9tach\u00e9es sont minutieusement r\u00e9vis\u00e9es dans les ateliers avant d&rsquo;\u00eatre revendues dans l&rsquo;une des innombrables boutiques du quartier. Le r\u00e9emploi des pi\u00e8ces automobiles a beaucoup progress\u00e9. Mais, plus d&rsquo;un milliard de v\u00e9hicules est en circulation sur la plan\u00e8te : seront-ils tous recycl\u00e9s ? Panneau suivant&#8230;<\/p>\n","protected":false},"author":1,"featured_media":0,"parent":0,"menu_order":0,"comment_status":"closed","ping_status":"closed","template":"","meta":{"footnotes":""},"class_list":["post-148","page","type-page","status-publish"],"_links":{"self":[{"href":"http:\/\/reinventer-le-dechet.fr\/index.php?rest_route=\/wp\/v2\/pages\/148","targetHints":{"allow":["GET"]}}],"collection":[{"href":"http:\/\/reinventer-le-dechet.fr\/index.php?rest_route=\/wp\/v2\/pages"}],"about":[{"href":"http:\/\/reinventer-le-dechet.fr\/index.php?rest_route=\/wp\/v2\/types\/page"}],"author":[{"embeddable":true,"href":"http:\/\/reinventer-le-dechet.fr\/index.php?rest_route=\/wp\/v2\/users\/1"}],"replies":[{"embeddable":true,"href":"http:\/\/reinventer-le-dechet.fr\/index.php?rest_route=%2Fwp%2Fv2%2Fcomments&post=148"}],"version-history":[{"count":7,"href":"http:\/\/reinventer-le-dechet.fr\/index.php?rest_route=\/wp\/v2\/pages\/148\/revisions"}],"predecessor-version":[{"id":767,"href":"http:\/\/reinventer-le-dechet.fr\/index.php?rest_route=\/wp\/v2\/pages\/148\/revisions\/767"}],"wp:attachment":[{"href":"http:\/\/reinventer-le-dechet.fr\/index.php?rest_route=%2Fwp%2Fv2%2Fmedia&parent=148"}],"curies":[{"name":"wp","href":"https:\/\/api.w.org\/{rel}","templated":true}]}}