{"id":150,"date":"2025-11-13T16:31:53","date_gmt":"2025-11-13T16:31:53","guid":{"rendered":"http:\/\/reinventer-le-dechet.fr\/?page_id=150"},"modified":"2025-11-30T12:34:00","modified_gmt":"2025-11-30T12:34:00","slug":"les-meilleurs-recycleurs-au-monde","status":"publish","type":"page","link":"http:\/\/reinventer-le-dechet.fr\/?page_id=150","title":{"rendered":"Les meilleurs recycleurs au monde !"},"content":{"rendered":"\n<p><a href=\"http:\/\/reinventer-le-dechet.fr\/?page_id=124\">Panneau pr\u00e9c\u00e9dent&#8230;<\/a><\/p>\n\n\n<div id=\"metaslider-id-542\" style=\"width: 100%;\" class=\"ml-slider-3-104-0 metaslider metaslider-flex metaslider-542 ml-slider has-dots-nav ms-theme-default-base\" role=\"region\" aria-label=\"Les meilleurs recycleurs au monde !\" data-width=\"1200\">\n    <div id=\"metaslider_container_542\">\n        <div id=\"metaslider_542\">\n            <ul aria-live='off' class='slides'>\n                <li style=\"display: block; width: 100%;\" class=\"slide-547 ms-image \" aria-roledescription=\"slide\" data-date=\"2025-11-26 12:15:05\" data-filename=\"L1090264.jpg\" data-slide-type=\"image\"><img decoding=\"async\" src=\"http:\/\/reinventer-le-dechet.fr\/wp-content\/uploads\/2025\/11\/L1090264.jpg\" width=\"1200\" alt=\"\" class=\"slider-542 slide-547 msDefaultImage\" title=\"L1090264\" \/><div class=\"caption-wrap\"><div class=\"caption\"><div>Le Caire, \u00c9gypte, 2024<\/div><\/div><\/div><\/li>\n                <li style=\"display: none; width: 100%;\" class=\"slide-546 ms-image \" aria-roledescription=\"slide\" data-date=\"2025-11-26 12:15:05\" data-filename=\"L1090258.jpg\" data-slide-type=\"image\"><img decoding=\"async\" src=\"http:\/\/reinventer-le-dechet.fr\/wp-content\/uploads\/2025\/11\/L1090258.jpg\" width=\"1200\" alt=\"\" class=\"slider-542 slide-546 msDefaultImage\" title=\"L1090258\" \/><div class=\"caption-wrap\"><div class=\"caption\"><div>Le Caire, \u00c9gypte, 2024<\/div><\/div><\/div><\/li>\n                <li style=\"display: none; width: 100%;\" class=\"slide-548 ms-image \" aria-roledescription=\"slide\" data-date=\"2025-11-26 12:15:05\" data-filename=\"L1090297.jpg\" data-slide-type=\"image\"><img decoding=\"async\" src=\"http:\/\/reinventer-le-dechet.fr\/wp-content\/uploads\/2025\/11\/L1090297.jpg\" width=\"1200\" alt=\"\" class=\"slider-542 slide-548 msDefaultImage\" title=\"L1090297\" \/><div class=\"caption-wrap\"><div class=\"caption\"><div>Le Caire, \u00c9gypte, 2024<\/div><\/div><\/div><\/li>\n            <\/ul>\n        <\/div>\n        \n    <\/div>\n<\/div>\n\n\n\n<p>Les 80 000 chiffonniers du Caire transforment 90 % des 6000 tonnes de d\u00e9chets qu&rsquo;ils collectent au quotidien. Les d\u00e9tritus alimentaires vont aux cochons, les mat\u00e9riaux sont tri\u00e9s et recycl\u00e9s dans les 1000 ateliers du quartier, puis revendus aux usines. Chr\u00e9tiens coptes, les zabb\u00e2l\u00een participent pleinement \u00e0 l&rsquo;\u00e9conomie circulaire, mais restent \u00e0 la marge de la ville et de la soci\u00e9t\u00e9.<\/p>\n\n\n\n<p><strong>Pour en savoir plus sur les r\u00e9cup\u00e9rateurs-recycleurs du Caire<\/strong> :<\/p>\n\n\n\n<p>Un article de B\u00e9n\u00e9dicte Florin, <a href=\"https:\/\/shs.cairn.info\/revue-ethnologie-francaise-2015-3-page-487?lang=fr\" target=\"_blank\" rel=\"noreferrer noopener\">\u00ab\u00a0Les chiffonniers du Caire. Soutiers de la ville ou businessmen des ordures ?\u00a0\u00bb<\/a>, <em>Ethnologie Fran\u00e7aise<\/em>, 2015<\/p>\n\n\n\n<p class=\"has-text-align-right\"><a href=\"http:\/\/reinventer-le-dechet.fr\/?page_id=122\">Panneau suivant&#8230;<\/a><\/p>\n","protected":false},"excerpt":{"rendered":"<p>Panneau pr\u00e9c\u00e9dent&#8230; Les 80 000 chiffonniers du Caire transforment 90 % des 6000 tonnes de d\u00e9chets qu&rsquo;ils collectent au quotidien. Les d\u00e9tritus alimentaires vont aux cochons, les mat\u00e9riaux sont tri\u00e9s et recycl\u00e9s dans les 1000 ateliers du quartier, puis revendus aux usines. Chr\u00e9tiens coptes, les zabb\u00e2l\u00een participent pleinement \u00e0 l&rsquo;\u00e9conomie circulaire, mais restent \u00e0 la &#8230; <a title=\"Les meilleurs recycleurs au monde !\" class=\"read-more\" href=\"http:\/\/reinventer-le-dechet.fr\/?page_id=150\" aria-label=\"En savoir plus sur Les meilleurs recycleurs au monde !\">Lire plus<\/a><\/p>\n","protected":false},"author":1,"featured_media":0,"parent":0,"menu_order":0,"comment_status":"closed","ping_status":"closed","template":"","meta":{"footnotes":""},"class_list":["post-150","page","type-page","status-publish"],"_links":{"self":[{"href":"http:\/\/reinventer-le-dechet.fr\/index.php?rest_route=\/wp\/v2\/pages\/150","targetHints":{"allow":["GET"]}}],"collection":[{"href":"http:\/\/reinventer-le-dechet.fr\/index.php?rest_route=\/wp\/v2\/pages"}],"about":[{"href":"http:\/\/reinventer-le-dechet.fr\/index.php?rest_route=\/wp\/v2\/types\/page"}],"author":[{"embeddable":true,"href":"http:\/\/reinventer-le-dechet.fr\/index.php?rest_route=\/wp\/v2\/users\/1"}],"replies":[{"embeddable":true,"href":"http:\/\/reinventer-le-dechet.fr\/index.php?rest_route=%2Fwp%2Fv2%2Fcomments&post=150"}],"version-history":[{"count":9,"href":"http:\/\/reinventer-le-dechet.fr\/index.php?rest_route=\/wp\/v2\/pages\/150\/revisions"}],"predecessor-version":[{"id":764,"href":"http:\/\/reinventer-le-dechet.fr\/index.php?rest_route=\/wp\/v2\/pages\/150\/revisions\/764"}],"wp:attachment":[{"href":"http:\/\/reinventer-le-dechet.fr\/index.php?rest_route=%2Fwp%2Fv2%2Fmedia&parent=150"}],"curies":[{"name":"wp","href":"https:\/\/api.w.org\/{rel}","templated":true}]}}