{"id":160,"date":"2025-11-13T16:35:13","date_gmt":"2025-11-13T16:35:13","guid":{"rendered":"http:\/\/reinventer-le-dechet.fr\/?page_id=160"},"modified":"2026-03-10T11:59:02","modified_gmt":"2026-03-10T11:59:02","slug":"la-recup-un-boulot-de-la-debrouille","status":"publish","type":"page","link":"http:\/\/reinventer-le-dechet.fr\/?page_id=160","title":{"rendered":"La r\u00e9cup&rsquo; : un boulot de la d\u00e9brouille"},"content":{"rendered":"\n<p><a href=\"http:\/\/reinventer-le-dechet.fr\/\" data-type=\"link\" data-id=\"http:\/\/reinventer-le-dechet.fr\/\">Retour \u00e0 l&rsquo;accueil&#8230;<\/a><\/p>\n\n\n<div id=\"metaslider-id-496\" style=\"width: 100%;\" class=\"ml-slider-3-104-0 metaslider metaslider-flex metaslider-496 ml-slider has-dots-nav ms-theme-default-base\" role=\"region\" aria-label=\"La r\u00e9cup&#039; : un boulot de la d\u00e9brouille\" data-width=\"1200\">\n    <div id=\"metaslider_container_496\">\n        <div id=\"metaslider_496\">\n            <ul aria-live='off' class='slides'>\n                <li style=\"display: block; width: 100%;\" class=\"slide-497 ms-image \" aria-roledescription=\"slide\" data-date=\"2025-11-26 11:33:38\" data-filename=\"L1000203-Modifier.jpg\" data-slide-type=\"image\"><img loading=\"lazy\" decoding=\"async\" src=\"http:\/\/reinventer-le-dechet.fr\/wp-content\/uploads\/2025\/11\/L1000203-Modifier.jpg\" height=\"0\" width=\"1200\" alt=\"\" class=\"slider-496 slide-497 msDefaultImage\" title=\"L1000203-Modifier\" \/><div class=\"caption-wrap\"><div class=\"caption\"><div>Bonneuil-sur-Marne, France, 2019<\/div><\/div><\/div><\/li>\n                <li style=\"display: none; width: 100%;\" class=\"slide-498 ms-image \" aria-roledescription=\"slide\" data-date=\"2025-11-26 11:33:38\" data-filename=\"L1020347-1.jpg\" data-slide-type=\"image\"><img loading=\"lazy\" decoding=\"async\" src=\"http:\/\/reinventer-le-dechet.fr\/wp-content\/uploads\/2025\/11\/L1020347-1.jpg\" height=\"0\" width=\"1200\" alt=\"\" class=\"slider-496 slide-498 msDefaultImage\" title=\"L1020347 (1)\" \/><div class=\"caption-wrap\"><div class=\"caption\"><div>Ivry-sur-Seine, France, 2017<\/div><\/div><\/div><\/li>\n                <li style=\"display: none; width: 100%;\" class=\"slide-499 ms-image \" aria-roledescription=\"slide\" data-date=\"2025-11-26 11:33:38\" data-filename=\"L1030748.jpg\" data-slide-type=\"image\"><img loading=\"lazy\" decoding=\"async\" src=\"http:\/\/reinventer-le-dechet.fr\/wp-content\/uploads\/2025\/11\/L1030748.jpg\" height=\"0\" width=\"1200\" alt=\"\" class=\"slider-496 slide-499 msDefaultImage\" title=\"L1030748\" \/><div class=\"caption-wrap\"><div class=\"caption\"><div>Ivry-sur-Seine, France, 2017<\/div><\/div><\/div><\/li>\n                <li style=\"display: none; width: 100%;\" class=\"slide-500 ms-image \" aria-roledescription=\"slide\" data-date=\"2025-11-26 11:33:38\" data-filename=\"L1020516.jpg\" data-slide-type=\"image\"><img loading=\"lazy\" decoding=\"async\" src=\"http:\/\/reinventer-le-dechet.fr\/wp-content\/uploads\/2025\/11\/L1020516.jpg\" height=\"0\" width=\"1200\" alt=\"\" class=\"slider-496 slide-500 msDefaultImage\" title=\"L1020516\" \/><div class=\"caption-wrap\"><div class=\"caption\"><div>Ivry-sur-Seine, France, 2017<\/div><\/div><\/div><\/li>\n            <\/ul>\n        <\/div>\n        \n    <\/div>\n<\/div>\n\n\n\n<p>\u00c0 condition d&rsquo;\u00eatre en bonne forme, n\u2019importe qui peut arpenter les rues des villes pour y r\u00e9cup\u00e9rer toutes sortes de m\u00e9taux. \u00ab\u00a0Faire la ferraille\u00a0\u00bb s\u2019apprend sur le tas en observant et en discutant avec ceux qui la pratiquent. Ce travail permet \u00e0 cet homme de ne pas basculer dans la grande pr\u00e9carit\u00e9.<\/p>\n\n\n\n<p><strong>Pour en savoir plus sur les glaneurs de ferraille et d&rsquo;encombrants en \u00cele de-France<\/strong> :<\/p>\n\n\n\n<p>Un article de B\u00e9n\u00e9dicte Florin et Pascal Garret., <a href=\"https:\/\/journals.openedition.org\/echogeo\/16942\" target=\"_blank\" rel=\"noreferrer noopener\">\u00ab\u00a0\u00ab Faire la ferraille \u00bb en banlieue parisienne : glaner, bricoler et transgresser<\/a>\u00ab\u00a0<em>, Echog\u00e9o, <\/em>2019<\/p>\n\n\n\n<p class=\"has-text-align-right\"><a href=\"http:\/\/reinventer-le-dechet.fr\/?page_id=144\">Panneau suivant&#8230;<\/a><\/p>\n\n\n\n<p><\/p>\n","protected":false},"excerpt":{"rendered":"<p>Retour \u00e0 l&rsquo;accueil&#8230; \u00c0 condition d&rsquo;\u00eatre en bonne forme, n\u2019importe qui peut arpenter les rues des villes pour y r\u00e9cup\u00e9rer toutes sortes de m\u00e9taux. \u00ab\u00a0Faire la ferraille\u00a0\u00bb s\u2019apprend sur le tas en observant et en discutant avec ceux qui la pratiquent. Ce travail permet \u00e0 cet homme de ne pas basculer dans la grande pr\u00e9carit\u00e9. &#8230; <a title=\"La r\u00e9cup&rsquo; : un boulot de la d\u00e9brouille\" class=\"read-more\" href=\"http:\/\/reinventer-le-dechet.fr\/?page_id=160\" aria-label=\"En savoir plus sur La r\u00e9cup&rsquo; : un boulot de la d\u00e9brouille\">Lire plus<\/a><\/p>\n","protected":false},"author":1,"featured_media":0,"parent":0,"menu_order":0,"comment_status":"closed","ping_status":"closed","template":"","meta":{"footnotes":""},"class_list":["post-160","page","type-page","status-publish"],"_links":{"self":[{"href":"http:\/\/reinventer-le-dechet.fr\/index.php?rest_route=\/wp\/v2\/pages\/160","targetHints":{"allow":["GET"]}}],"collection":[{"href":"http:\/\/reinventer-le-dechet.fr\/index.php?rest_route=\/wp\/v2\/pages"}],"about":[{"href":"http:\/\/reinventer-le-dechet.fr\/index.php?rest_route=\/wp\/v2\/types\/page"}],"author":[{"embeddable":true,"href":"http:\/\/reinventer-le-dechet.fr\/index.php?rest_route=\/wp\/v2\/users\/1"}],"replies":[{"embeddable":true,"href":"http:\/\/reinventer-le-dechet.fr\/index.php?rest_route=%2Fwp%2Fv2%2Fcomments&post=160"}],"version-history":[{"count":7,"href":"http:\/\/reinventer-le-dechet.fr\/index.php?rest_route=\/wp\/v2\/pages\/160\/revisions"}],"predecessor-version":[{"id":814,"href":"http:\/\/reinventer-le-dechet.fr\/index.php?rest_route=\/wp\/v2\/pages\/160\/revisions\/814"}],"wp:attachment":[{"href":"http:\/\/reinventer-le-dechet.fr\/index.php?rest_route=%2Fwp%2Fv2%2Fmedia&parent=160"}],"curies":[{"name":"wp","href":"https:\/\/api.w.org\/{rel}","templated":true}]}}