{"id":162,"date":"2025-11-13T16:36:18","date_gmt":"2025-11-13T16:36:18","guid":{"rendered":"http:\/\/reinventer-le-dechet.fr\/?page_id=162"},"modified":"2025-11-29T11:01:41","modified_gmt":"2025-11-29T11:01:41","slug":"laluminium-roi-du-recyclage","status":"publish","type":"page","link":"http:\/\/reinventer-le-dechet.fr\/?page_id=162","title":{"rendered":"L&rsquo;aluminium, roi du recyclage"},"content":{"rendered":"\n<p><a href=\"http:\/\/reinventer-le-dechet.fr\/?page_id=128\">Panneau pr\u00e9c\u00e9dent&#8230;<\/a><\/p>\n\n\n<div id=\"metaslider-id-448\" style=\"width: 100%;\" class=\"ml-slider-3-104-0 metaslider metaslider-flex metaslider-448 ml-slider has-dots-nav ms-theme-default-base\" role=\"region\" aria-label=\"L&#039;aluminium, roi du recyclage\" data-width=\"1200\">\n    <div id=\"metaslider_container_448\">\n        <div id=\"metaslider_448\">\n            <ul aria-live='off' class='slides'>\n                <li style=\"display: block; width: 100%;\" class=\"slide-454 ms-image \" aria-roledescription=\"slide\" data-date=\"2025-11-26 10:40:10\" data-filename=\"L1040896.jpg\" data-slide-type=\"image\"><img decoding=\"async\" src=\"http:\/\/reinventer-le-dechet.fr\/wp-content\/uploads\/2025\/11\/L1040896.jpg\" width=\"1200\" alt=\"\" class=\"slider-448 slide-454 msDefaultImage\" title=\"L1040896\" \/><div class=\"caption-wrap\"><div class=\"caption\"><div>Le Caire, \u00c9gypte, 2023<\/div><\/div><\/div><\/li>\n                <li style=\"display: none; width: 100%;\" class=\"slide-455 ms-image \" aria-roledescription=\"slide\" data-date=\"2025-11-26 10:40:10\" data-filename=\"L1040956.jpg\" data-slide-type=\"image\"><img decoding=\"async\" src=\"http:\/\/reinventer-le-dechet.fr\/wp-content\/uploads\/2025\/11\/L1040956.jpg\" width=\"1200\" alt=\"\" class=\"slider-448 slide-455 msDefaultImage\" title=\"L1040956\" \/><div class=\"caption-wrap\"><div class=\"caption\"><div>Le Caire, \u00c9gypte, 2023<\/div><\/div><\/div><\/li>\n                <li style=\"display: none; width: 100%;\" class=\"slide-456 ms-image \" aria-roledescription=\"slide\" data-date=\"2025-11-26 10:40:10\" data-filename=\"L1050008.jpg\" data-slide-type=\"image\"><img decoding=\"async\" src=\"http:\/\/reinventer-le-dechet.fr\/wp-content\/uploads\/2025\/11\/L1050008.jpg\" width=\"1200\" alt=\"\" class=\"slider-448 slide-456 msDefaultImage\" title=\"L1050008\" \/><div class=\"caption-wrap\"><div class=\"caption\"><div>Le Caire, \u00c9gypte, 2023<\/div><\/div><\/div><\/li>\n                <li style=\"display: none; width: 100%;\" class=\"slide-457 ms-image \" aria-roledescription=\"slide\" data-date=\"2025-11-26 10:40:10\" data-filename=\"L1050037.jpg\" data-slide-type=\"image\"><img decoding=\"async\" src=\"http:\/\/reinventer-le-dechet.fr\/wp-content\/uploads\/2025\/11\/L1050037.jpg\" width=\"1200\" alt=\"\" class=\"slider-448 slide-457 msDefaultImage\" title=\"L1050037\" \/><div class=\"caption-wrap\"><div class=\"caption\"><div>Le Caire, \u00c9gypte, 2023<\/div><\/div><\/div><\/li>\n                <li style=\"display: none; width: 100%;\" class=\"slide-458 ms-image \" aria-roledescription=\"slide\" data-date=\"2025-11-26 10:40:10\" data-filename=\"L1050145.jpg\" data-slide-type=\"image\"><img decoding=\"async\" src=\"http:\/\/reinventer-le-dechet.fr\/wp-content\/uploads\/2025\/11\/L1050145.jpg\" width=\"1200\" alt=\"\" class=\"slider-448 slide-458 msDefaultImage\" title=\"L1050145\" \/><div class=\"caption-wrap\"><div class=\"caption\"><div>Le Caire, \u00c9gypte, 2023<\/div><\/div><\/div><\/li>\n            <\/ul>\n        <\/div>\n        \n    <\/div>\n<\/div>\n\n\n\n<p>Surnomm\u00e9 le \u00ab\u00a0m\u00e9tal vert\u00a0\u00bb, l&rsquo;aluminium se recycle \u00e0 l&rsquo;infini, ce qui \u00e9conomise 95 % d&rsquo;\u00e9nergie et 93 % de gaz \u00e0 effet de serre par rapport \u00e0 la production d&rsquo;aluminium neuf. Au Caire, l&rsquo;aluminium est consid\u00e9r\u00e9 comme la mati\u00e8re la plus rentable du recyclage : \u00ab\u00a0On gagne de l&rsquo;argent, mais on s&rsquo;y consume aussi\u00a0\u00bb.<\/p>\n\n\n\n<p class=\"has-text-align-right\"><a href=\"http:\/\/reinventer-le-dechet.fr\/?page_id=174\">Panneau suivant&#8230;<\/a><\/p>\n","protected":false},"excerpt":{"rendered":"<p>Panneau pr\u00e9c\u00e9dent&#8230; Surnomm\u00e9 le \u00ab\u00a0m\u00e9tal vert\u00a0\u00bb, l&rsquo;aluminium se recycle \u00e0 l&rsquo;infini, ce qui \u00e9conomise 95 % d&rsquo;\u00e9nergie et 93 % de gaz \u00e0 effet de serre par rapport \u00e0 la production d&rsquo;aluminium neuf. Au Caire, l&rsquo;aluminium est consid\u00e9r\u00e9 comme la mati\u00e8re la plus rentable du recyclage : \u00ab\u00a0On gagne de l&rsquo;argent, mais on s&rsquo;y consume &#8230; <a title=\"L&rsquo;aluminium, roi du recyclage\" class=\"read-more\" href=\"http:\/\/reinventer-le-dechet.fr\/?page_id=162\" aria-label=\"En savoir plus sur L&rsquo;aluminium, roi du recyclage\">Lire plus<\/a><\/p>\n","protected":false},"author":1,"featured_media":0,"parent":0,"menu_order":0,"comment_status":"closed","ping_status":"closed","template":"","meta":{"footnotes":""},"class_list":["post-162","page","type-page","status-publish"],"_links":{"self":[{"href":"http:\/\/reinventer-le-dechet.fr\/index.php?rest_route=\/wp\/v2\/pages\/162","targetHints":{"allow":["GET"]}}],"collection":[{"href":"http:\/\/reinventer-le-dechet.fr\/index.php?rest_route=\/wp\/v2\/pages"}],"about":[{"href":"http:\/\/reinventer-le-dechet.fr\/index.php?rest_route=\/wp\/v2\/types\/page"}],"author":[{"embeddable":true,"href":"http:\/\/reinventer-le-dechet.fr\/index.php?rest_route=\/wp\/v2\/users\/1"}],"replies":[{"embeddable":true,"href":"http:\/\/reinventer-le-dechet.fr\/index.php?rest_route=%2Fwp%2Fv2%2Fcomments&post=162"}],"version-history":[{"count":5,"href":"http:\/\/reinventer-le-dechet.fr\/index.php?rest_route=\/wp\/v2\/pages\/162\/revisions"}],"predecessor-version":[{"id":652,"href":"http:\/\/reinventer-le-dechet.fr\/index.php?rest_route=\/wp\/v2\/pages\/162\/revisions\/652"}],"wp:attachment":[{"href":"http:\/\/reinventer-le-dechet.fr\/index.php?rest_route=%2Fwp%2Fv2%2Fmedia&parent=162"}],"curies":[{"name":"wp","href":"https:\/\/api.w.org\/{rel}","templated":true}]}}