{"id":166,"date":"2025-11-13T16:37:15","date_gmt":"2025-11-13T16:37:15","guid":{"rendered":"http:\/\/reinventer-le-dechet.fr\/?page_id=166"},"modified":"2025-11-29T17:33:04","modified_gmt":"2025-11-29T17:33:04","slug":"les-longs-trajets-de-sidiki","status":"publish","type":"page","link":"http:\/\/reinventer-le-dechet.fr\/?page_id=166","title":{"rendered":"Les longs trajets de Sidiki"},"content":{"rendered":"\n<p><a href=\"http:\/\/reinventer-le-dechet.fr\/?page_id=112\">Panneau pr\u00e9c\u00e9dent&#8230;<\/a><\/p>\n\n\n<div id=\"metaslider-id-85\" style=\"width: 100%;\" class=\"ml-slider-3-104-0 metaslider metaslider-flex metaslider-85 ml-slider hide-navigation-smartphone hide-navigation-tablet has-dots-nav ms-theme-default-base\" role=\"region\" aria-label=\"Sidiki\" data-width=\"1200\">\n    <div id=\"metaslider_container_85\">\n        <div id=\"metaslider_85\">\n            <ul aria-live='off' class='slides'>\n                <li style=\"display: block; width: 100%;\" class=\"slide-90 ms-image \" aria-roledescription=\"slide\" data-date=\"2025-10-04 15:47:30\" data-filename=\"Sidiki_1.jpg\" data-slide-type=\"image\"><img decoding=\"async\" src=\"http:\/\/reinventer-le-dechet.fr\/wp-content\/uploads\/2025\/10\/Sidiki_1.jpg\" width=\"1200\" alt=\"\" class=\"slider-85 slide-90 msDefaultImage\" title=\"Sidiki_1\" \/><div class=\"caption-wrap\"><div class=\"caption\"><div>Notre premi\u00e8re rencontre avec Sidiki en juin 2016<\/div><\/div><\/div><\/li>\n                <li style=\"display: none; width: 100%;\" class=\"slide-91 ms-image \" aria-roledescription=\"slide\" data-date=\"2025-10-04 15:47:30\" data-filename=\"Sidiki_2.jpg\" data-slide-type=\"image\"><img decoding=\"async\" src=\"http:\/\/reinventer-le-dechet.fr\/wp-content\/uploads\/2025\/10\/Sidiki_2.jpg\" width=\"1200\" alt=\"\" class=\"slider-85 slide-91 msDefaultImage\" title=\"Sidiki_2\" \/><div class=\"caption-wrap\"><div class=\"caption\"><div>Un travail tr\u00e8s physique<\/div><\/div><\/div><\/li>\n                <li style=\"display: none; width: 100%;\" class=\"slide-92 ms-image \" aria-roledescription=\"slide\" data-date=\"2025-10-04 15:47:30\" data-filename=\"Sidiki_3.jpg\" data-slide-type=\"image\"><img decoding=\"async\" src=\"http:\/\/reinventer-le-dechet.fr\/wp-content\/uploads\/2025\/10\/Sidiki_3.jpg\" width=\"1200\" alt=\"\" class=\"slider-85 slide-92 msDefaultImage\" title=\"Sidiki_3\" \/><div class=\"caption-wrap\"><div class=\"caption\"><div>Retour de collecte<\/div><\/div><\/div><\/li>\n                <li style=\"display: none; width: 100%;\" class=\"slide-93 ms-image \" aria-roledescription=\"slide\" data-date=\"2025-10-04 15:47:30\" data-filename=\"Sidiki_4.jpg\" data-slide-type=\"image\"><img decoding=\"async\" src=\"http:\/\/reinventer-le-dechet.fr\/wp-content\/uploads\/2025\/10\/Sidiki_4.jpg\" width=\"1200\" alt=\"\" class=\"slider-85 slide-93 msDefaultImage\" title=\"Sidiki_4\" \/><div class=\"caption-wrap\"><div class=\"caption\"><div>Sidiki dans le garage qu'il s'est am\u00e9nag\u00e9 avec des meubles et objets r\u00e9cup\u00e9r\u00e9s dans la rue<\/div><\/div><\/div><\/li>\n            <\/ul>\n        <\/div>\n        \n    <\/div>\n<\/div>\n\n\n\n<p>Sidiki a fui le Mali en guerre. Tous les jours, il parcourt une trentaine de kilom\u00e8tres dans la banlieue parisienne pour glaner des objets abandonn\u00e9s dans la rue qu\u2019il r\u00e9pare ou revend aux ferrailleurs. Paradoxalement, sa tenue fluo, identique \u00e0 celle des agents de propret\u00e9, le rend visible et le prot\u00e8ge des ennuis.<\/p>\n\n\n\n<p><strong>Pour en savoir plus sur les r\u00e9cup\u00e9rateurs de ferraille<\/strong> :<\/p>\n\n\n\n<p>Un article de B\u00e9n\u00e9dicte Florin et Pascal Garret, <a href=\"https:\/\/www.revue-projet.com\/articles\/2020-06-florin-garret-les-recuperateurs-de-ferraille\/10557\" target=\"_blank\" rel=\"noreferrer noopener\">\u00ab\u00a0Les r\u00e9cup\u00e9rateurs de ferraille. Entre tol\u00e9rance et interdits\u00a0\u00bb<\/a>, <em>Revue Projet<\/em>, 2020.<\/p>\n\n\n\n<p class=\"has-text-align-right\"><a href=\"http:\/\/reinventer-le-dechet.fr\/?page_id=124\">Panneau suivant&#8230;<\/a><\/p>\n","protected":false},"excerpt":{"rendered":"<p>Panneau pr\u00e9c\u00e9dent&#8230; Sidiki a fui le Mali en guerre. Tous les jours, il parcourt une trentaine de kilom\u00e8tres dans la banlieue parisienne pour glaner des objets abandonn\u00e9s dans la rue qu\u2019il r\u00e9pare ou revend aux ferrailleurs. Paradoxalement, sa tenue fluo, identique \u00e0 celle des agents de propret\u00e9, le rend visible et le prot\u00e8ge des ennuis. &#8230; <a title=\"Les longs trajets de Sidiki\" class=\"read-more\" href=\"http:\/\/reinventer-le-dechet.fr\/?page_id=166\" aria-label=\"En savoir plus sur Les longs trajets de Sidiki\">Lire plus<\/a><\/p>\n","protected":false},"author":1,"featured_media":0,"parent":0,"menu_order":0,"comment_status":"closed","ping_status":"closed","template":"","meta":{"footnotes":""},"class_list":["post-166","page","type-page","status-publish"],"_links":{"self":[{"href":"http:\/\/reinventer-le-dechet.fr\/index.php?rest_route=\/wp\/v2\/pages\/166","targetHints":{"allow":["GET"]}}],"collection":[{"href":"http:\/\/reinventer-le-dechet.fr\/index.php?rest_route=\/wp\/v2\/pages"}],"about":[{"href":"http:\/\/reinventer-le-dechet.fr\/index.php?rest_route=\/wp\/v2\/types\/page"}],"author":[{"embeddable":true,"href":"http:\/\/reinventer-le-dechet.fr\/index.php?rest_route=\/wp\/v2\/users\/1"}],"replies":[{"embeddable":true,"href":"http:\/\/reinventer-le-dechet.fr\/index.php?rest_route=%2Fwp%2Fv2%2Fcomments&post=166"}],"version-history":[{"count":5,"href":"http:\/\/reinventer-le-dechet.fr\/index.php?rest_route=\/wp\/v2\/pages\/166\/revisions"}],"predecessor-version":[{"id":700,"href":"http:\/\/reinventer-le-dechet.fr\/index.php?rest_route=\/wp\/v2\/pages\/166\/revisions\/700"}],"wp:attachment":[{"href":"http:\/\/reinventer-le-dechet.fr\/index.php?rest_route=%2Fwp%2Fv2%2Fmedia&parent=166"}],"curies":[{"name":"wp","href":"https:\/\/api.w.org\/{rel}","templated":true}]}}