{"id":168,"date":"2025-11-13T16:37:55","date_gmt":"2025-11-13T16:37:55","guid":{"rendered":"http:\/\/reinventer-le-dechet.fr\/?page_id=168"},"modified":"2025-11-29T17:35:30","modified_gmt":"2025-11-29T17:35:30","slug":"face-au-sale-boulot-la-solidarite","status":"publish","type":"page","link":"http:\/\/reinventer-le-dechet.fr\/?page_id=168","title":{"rendered":"Face au \u00ab\u00a0sale boulot\u00a0\u00bb, la solidarit\u00e9"},"content":{"rendered":"\n<p><a href=\"http:\/\/reinventer-le-dechet.fr\/?page_id=174\">Panneau pr\u00e9c\u00e9dent&#8230;<\/a><\/p>\n\n\n<div id=\"metaslider-id-440\" style=\"width: 100%;\" class=\"ml-slider-3-104-0 metaslider metaslider-flex metaslider-440 ml-slider has-dots-nav ms-theme-default-base\" role=\"region\" aria-label=\"Face au &quot;sale boulot&quot;, la solidarit\u00e9\" data-width=\"1200\">\n    <div id=\"metaslider_container_440\">\n        <div id=\"metaslider_440\">\n            <ul aria-live='off' class='slides'>\n                <li style=\"display: block; width: 100%;\" class=\"slide-442 ms-image \" aria-roledescription=\"slide\" data-date=\"2025-11-26 10:34:55\" data-filename=\"DSC_9709.jpg\" data-slide-type=\"image\"><img decoding=\"async\" src=\"http:\/\/reinventer-le-dechet.fr\/wp-content\/uploads\/2025\/11\/DSC_9709.jpg\" width=\"1200\" alt=\"\" class=\"slider-440 slide-442 msDefaultImage\" title=\"DSC_9709\" \/><div class=\"caption-wrap\"><div class=\"caption\"><div>Istanbul, Turquie, 2015<\/div><\/div><\/div><\/li>\n                <li style=\"display: none; width: 100%;\" class=\"slide-441 ms-image \" aria-roledescription=\"slide\" data-date=\"2025-11-26 10:34:55\" data-filename=\"DSC_9708.jpg\" data-slide-type=\"image\"><img decoding=\"async\" src=\"http:\/\/reinventer-le-dechet.fr\/wp-content\/uploads\/2025\/11\/DSC_9708.jpg\" width=\"1200\" alt=\"\" class=\"slider-440 slide-441 msDefaultImage\" title=\"DSC_9708\" \/><div class=\"caption-wrap\"><div class=\"caption\"><div>Istanbul, Turquie, 2015<\/div><\/div><\/div><\/li>\n                <li style=\"display: none; width: 100%;\" class=\"slide-443 ms-image \" aria-roledescription=\"slide\" data-date=\"2025-11-26 10:34:55\" data-filename=\"DSC_9714.jpg\" data-slide-type=\"image\"><img decoding=\"async\" src=\"http:\/\/reinventer-le-dechet.fr\/wp-content\/uploads\/2025\/11\/DSC_9714.jpg\" width=\"1200\" alt=\"\" class=\"slider-440 slide-443 msDefaultImage\" title=\"DSC_9714\" \/><div class=\"caption-wrap\"><div class=\"caption\"><div>Istanbul, Turquie, 2015<\/div><\/div><\/div><\/li>\n                <li style=\"display: none; width: 100%;\" class=\"slide-444 ms-image \" aria-roledescription=\"slide\" data-date=\"2025-11-26 10:34:55\" data-filename=\"DSC_9713-1.jpg\" data-slide-type=\"image\"><img decoding=\"async\" src=\"http:\/\/reinventer-le-dechet.fr\/wp-content\/uploads\/2025\/11\/DSC_9713-1.jpg\" width=\"1200\" alt=\"\" class=\"slider-440 slide-444 msDefaultImage\" title=\"DSC_9713 (1)\" \/><div class=\"caption-wrap\"><div class=\"caption\"><div>Istanbul, Turquie, 2015<\/div><\/div><\/div><\/li>\n            <\/ul>\n        <\/div>\n        \n    <\/div>\n<\/div>\n\n\n\n<p>Yunus et ses cousins se sont organis\u00e9s en coop\u00e9rative informelle et partagent leurs gains. Achet\u00e9 en commun, le camion leur permet de livrer les mat\u00e9riaux aux usines, sans payer d&rsquo;interm\u00e9diaire. Les bons jours, chacun gagne l&rsquo;\u00e9quivalent d&rsquo;une vingtaine d&rsquo;euros, ce qui aide aussi leurs familles paysannes. La solidarit\u00e9 entre r\u00e9cup\u00e9rateurs permet de r\u00e9sister \u00e0 la discrimination li\u00e9e au \u00ab\u00a0sale boulot\u00a0\u00bb et \u00e0 la crise \u00e9conomique.<\/p>\n\n\n\n<p><strong>Pour en savoir plus sur les r\u00e9cup\u00e9rateurs du Caire, de Casablanca et d&rsquo;Istanbul<\/strong> :<\/p>\n\n\n\n<p>Un article de B\u00e9n\u00e9dicte Florin, <a href=\"https:\/\/journals.openedition.org\/tc\/8018\" target=\"_blank\" rel=\"noreferrer noopener\">\u00ab\u00a0<a href=\"https:\/\/journals.openedition.org\/tc\/8018\" target=\"_blank\" rel=\"noreferrer noopener\">\u00ab <\/a>Rien ne se perd\u2009!<a href=\"https:\/\/journals.openedition.org\/tc\/8018\" target=\"_blank\" rel=\"noreferrer noopener\"> \u2009\u00bb<\/a>. R\u00e9cup\u00e9rer les d\u00e9chets au\u2009Caire, \u00e0 Casablanca et \u00e0 Istanbul\u00a0\u00bb<\/a>, <em>Techniques &amp; Culture<\/em>, 2016<\/p>\n\n\n\n<p class=\"has-text-align-right\"><a href=\"http:\/\/reinventer-le-dechet.fr\/?page_id=114\">Panneau suivant&#8230;<\/a><\/p>\n","protected":false},"excerpt":{"rendered":"<p>Panneau pr\u00e9c\u00e9dent&#8230; Yunus et ses cousins se sont organis\u00e9s en coop\u00e9rative informelle et partagent leurs gains. Achet\u00e9 en commun, le camion leur permet de livrer les mat\u00e9riaux aux usines, sans payer d&rsquo;interm\u00e9diaire. Les bons jours, chacun gagne l&rsquo;\u00e9quivalent d&rsquo;une vingtaine d&rsquo;euros, ce qui aide aussi leurs familles paysannes. La solidarit\u00e9 entre r\u00e9cup\u00e9rateurs permet de r\u00e9sister &#8230; <a title=\"Face au \u00ab\u00a0sale boulot\u00a0\u00bb, la solidarit\u00e9\" class=\"read-more\" href=\"http:\/\/reinventer-le-dechet.fr\/?page_id=168\" aria-label=\"En savoir plus sur Face au \u00ab\u00a0sale boulot\u00a0\u00bb, la solidarit\u00e9\">Lire plus<\/a><\/p>\n","protected":false},"author":1,"featured_media":0,"parent":0,"menu_order":0,"comment_status":"closed","ping_status":"closed","template":"","meta":{"footnotes":""},"class_list":["post-168","page","type-page","status-publish"],"_links":{"self":[{"href":"http:\/\/reinventer-le-dechet.fr\/index.php?rest_route=\/wp\/v2\/pages\/168","targetHints":{"allow":["GET"]}}],"collection":[{"href":"http:\/\/reinventer-le-dechet.fr\/index.php?rest_route=\/wp\/v2\/pages"}],"about":[{"href":"http:\/\/reinventer-le-dechet.fr\/index.php?rest_route=\/wp\/v2\/types\/page"}],"author":[{"embeddable":true,"href":"http:\/\/reinventer-le-dechet.fr\/index.php?rest_route=\/wp\/v2\/users\/1"}],"replies":[{"embeddable":true,"href":"http:\/\/reinventer-le-dechet.fr\/index.php?rest_route=%2Fwp%2Fv2%2Fcomments&post=168"}],"version-history":[{"count":6,"href":"http:\/\/reinventer-le-dechet.fr\/index.php?rest_route=\/wp\/v2\/pages\/168\/revisions"}],"predecessor-version":[{"id":717,"href":"http:\/\/reinventer-le-dechet.fr\/index.php?rest_route=\/wp\/v2\/pages\/168\/revisions\/717"}],"wp:attachment":[{"href":"http:\/\/reinventer-le-dechet.fr\/index.php?rest_route=%2Fwp%2Fv2%2Fmedia&parent=168"}],"curies":[{"name":"wp","href":"https:\/\/api.w.org\/{rel}","templated":true}]}}