{"id":170,"date":"2025-11-13T16:38:31","date_gmt":"2025-11-13T16:38:31","guid":{"rendered":"http:\/\/reinventer-le-dechet.fr\/?page_id=170"},"modified":"2025-11-29T17:57:44","modified_gmt":"2025-11-29T17:57:44","slug":"la-tournee-des-maquis","status":"publish","type":"page","link":"http:\/\/reinventer-le-dechet.fr\/?page_id=170","title":{"rendered":"La tourn\u00e9e des maquis"},"content":{"rendered":"\n<p><a href=\"http:\/\/reinventer-le-dechet.fr\/?page_id=152\">Panneau pr\u00e9c\u00e9dent&#8230;<\/a><\/p>\n\n\n<div id=\"metaslider-id-509\" style=\"width: 100%;\" class=\"ml-slider-3-104-0 metaslider metaslider-flex metaslider-509 ml-slider has-dots-nav ms-theme-default-base\" role=\"region\" aria-label=\"La tourn\u00e9e des maquis\" data-width=\"1200\">\n    <div id=\"metaslider_container_509\">\n        <div id=\"metaslider_509\">\n            <ul aria-live='off' class='slides'>\n                <li style=\"display: block; width: 100%;\" class=\"slide-510 ms-image \" aria-roledescription=\"slide\" data-date=\"2025-11-26 11:48:51\" data-filename=\"Lome_12_2019-425.jpg\" data-slide-type=\"image\"><img decoding=\"async\" src=\"http:\/\/reinventer-le-dechet.fr\/wp-content\/uploads\/2025\/11\/Lome_12_2019-425.jpg\" width=\"1200\" alt=\"\" class=\"slider-509 slide-510 msDefaultImage\" title=\"Lome\u0301_12_2019 - 425\" \/><div class=\"caption-wrap\"><div class=\"caption\"><div>Lom\u00e9, Togo, 2019<\/div><\/div><\/div><\/li>\n                <li style=\"display: none; width: 100%;\" class=\"slide-511 ms-image \" aria-roledescription=\"slide\" data-date=\"2025-11-26 11:48:51\" data-filename=\"Lome_12_2019-426.jpg\" data-slide-type=\"image\"><img decoding=\"async\" src=\"http:\/\/reinventer-le-dechet.fr\/wp-content\/uploads\/2025\/11\/Lome_12_2019-426.jpg\" width=\"1200\" alt=\"\" class=\"slider-509 slide-511 msDefaultImage\" title=\"Lome\u0301_12_2019 - 426\" \/><div class=\"caption-wrap\"><div class=\"caption\"><div>Lom\u00e9, Togo, 2019<\/div><\/div><\/div><\/li>\n            <\/ul>\n        <\/div>\n        \n    <\/div>\n<\/div>\n\n\n\n<p>Ce jeune homme ach\u00e8te aux maquis, restaurants populaires d&rsquo;Afrique de l&rsquo;Ouest, des conserves vides qu&rsquo;il revendra avec b\u00e9n\u00e9fice \u00e0 la ferraille. \u00c0 Lom\u00e9, en \u00e9change d&rsquo;une petite somme vers\u00e9e par les habitants, les r\u00e9cup\u00e9rateurs collectent aussi les poubelles des p\u00e9riph\u00e9ries, inaccessibles aux camions des \u00e9boueurs. Les \u00ab\u00a0informels\u00a0\u00bb suppl\u00e9ent ainsi \u00e0 un service public absent ou d\u00e9faillant.<\/p>\n\n\n\n<p><strong>Pour en savoir plus :<\/strong><\/p>\n\n\n\n<p><a href=\"https:\/\/www.afd.fr\/sites\/default\/files\/2022-02-09-23-05\/guide-methodologique-secteur-informel-dechets.pdf\" target=\"_blank\" rel=\"noreferrer noopener\">\u00ab\u00a0L&rsquo;int\u00e9gration des acteurs informels dans le cadre des projets de gestion des d\u00e9chets dans les pays \u00e9mergents\u00a0\u00bb<\/a>, un rapport de l&rsquo;AFD (Agence Fran\u00e7aise de D\u00e9veloppement) portant sur une quinzaine de pays dont le Togo, 2021.<\/p>\n\n\n\n<p class=\"has-text-align-right\"><a href=\"http:\/\/reinventer-le-dechet.fr\/?page_id=130\">Panneau suivant&#8230;<\/a><\/p>\n","protected":false},"excerpt":{"rendered":"<p>Panneau pr\u00e9c\u00e9dent&#8230; Ce jeune homme ach\u00e8te aux maquis, restaurants populaires d&rsquo;Afrique de l&rsquo;Ouest, des conserves vides qu&rsquo;il revendra avec b\u00e9n\u00e9fice \u00e0 la ferraille. \u00c0 Lom\u00e9, en \u00e9change d&rsquo;une petite somme vers\u00e9e par les habitants, les r\u00e9cup\u00e9rateurs collectent aussi les poubelles des p\u00e9riph\u00e9ries, inaccessibles aux camions des \u00e9boueurs. Les \u00ab\u00a0informels\u00a0\u00bb suppl\u00e9ent ainsi \u00e0 un service public &#8230; <a title=\"La tourn\u00e9e des maquis\" class=\"read-more\" href=\"http:\/\/reinventer-le-dechet.fr\/?page_id=170\" aria-label=\"En savoir plus sur La tourn\u00e9e des maquis\">Lire plus<\/a><\/p>\n","protected":false},"author":1,"featured_media":0,"parent":0,"menu_order":0,"comment_status":"closed","ping_status":"closed","template":"","meta":{"footnotes":""},"class_list":["post-170","page","type-page","status-publish"],"_links":{"self":[{"href":"http:\/\/reinventer-le-dechet.fr\/index.php?rest_route=\/wp\/v2\/pages\/170","targetHints":{"allow":["GET"]}}],"collection":[{"href":"http:\/\/reinventer-le-dechet.fr\/index.php?rest_route=\/wp\/v2\/pages"}],"about":[{"href":"http:\/\/reinventer-le-dechet.fr\/index.php?rest_route=\/wp\/v2\/types\/page"}],"author":[{"embeddable":true,"href":"http:\/\/reinventer-le-dechet.fr\/index.php?rest_route=\/wp\/v2\/users\/1"}],"replies":[{"embeddable":true,"href":"http:\/\/reinventer-le-dechet.fr\/index.php?rest_route=%2Fwp%2Fv2%2Fcomments&post=170"}],"version-history":[{"count":5,"href":"http:\/\/reinventer-le-dechet.fr\/index.php?rest_route=\/wp\/v2\/pages\/170\/revisions"}],"predecessor-version":[{"id":735,"href":"http:\/\/reinventer-le-dechet.fr\/index.php?rest_route=\/wp\/v2\/pages\/170\/revisions\/735"}],"wp:attachment":[{"href":"http:\/\/reinventer-le-dechet.fr\/index.php?rest_route=%2Fwp%2Fv2%2Fmedia&parent=170"}],"curies":[{"name":"wp","href":"https:\/\/api.w.org\/{rel}","templated":true}]}}