{"id":172,"date":"2025-11-13T16:39:02","date_gmt":"2025-11-13T16:39:02","guid":{"rendered":"http:\/\/reinventer-le-dechet.fr\/?page_id=172"},"modified":"2026-03-10T12:00:31","modified_gmt":"2026-03-10T12:00:31","slug":"vers-lusine","status":"publish","type":"page","link":"http:\/\/reinventer-le-dechet.fr\/?page_id=172","title":{"rendered":"Vers l&rsquo;usine"},"content":{"rendered":"\n<p><a href=\"http:\/\/reinventer-le-dechet.fr\/?page_id=118\" data-type=\"link\" data-id=\"http:\/\/reinventer-le-dechet.fr\/?page_id=118\">Panneau pr\u00e9c\u00e9dent&#8230;<\/a><\/p>\n\n\n<div id=\"metaslider-id-589\" style=\"width: 100%;\" class=\"ml-slider-3-104-0 metaslider metaslider-flex metaslider-589 ml-slider has-dots-nav ms-theme-default-base\" role=\"region\" aria-label=\"Vers l&#039;usine\" data-width=\"1200\">\n    <div id=\"metaslider_container_589\">\n        <div id=\"metaslider_589\">\n            <ul aria-live='off' class='slides'>\n                <li style=\"display: block; width: 100%;\" class=\"slide-590 ms-image \" aria-roledescription=\"slide\" data-date=\"2025-11-26 12:45:30\" data-filename=\"L1060147.jpg\" data-slide-type=\"image\"><img decoding=\"async\" src=\"http:\/\/reinventer-le-dechet.fr\/wp-content\/uploads\/2025\/11\/L1060147.jpg\" width=\"1200\" alt=\"\" class=\"slider-589 slide-590 msDefaultImage\" title=\"L1060147\" \/><div class=\"caption-wrap\"><div class=\"caption\"><div>Mumbai, Inde, 2018<\/div><\/div><\/div><\/li>\n                <li style=\"display: none; width: 100%;\" class=\"slide-591 ms-image \" aria-roledescription=\"slide\" data-date=\"2025-11-26 12:45:30\" data-filename=\"L1060076.jpg\" data-slide-type=\"image\"><img decoding=\"async\" src=\"http:\/\/reinventer-le-dechet.fr\/wp-content\/uploads\/2025\/11\/L1060076.jpg\" width=\"1200\" alt=\"\" class=\"slider-589 slide-591 msDefaultImage\" title=\"L1060076\" \/><div class=\"caption-wrap\"><div class=\"caption\"><div>Mumbai, Inde, 2018<\/div><\/div><\/div><\/li>\n                <li style=\"display: none; width: 100%;\" class=\"slide-592 ms-image \" aria-roledescription=\"slide\" data-date=\"2025-11-26 12:45:30\" data-filename=\"L1060198.jpg\" data-slide-type=\"image\"><img decoding=\"async\" src=\"http:\/\/reinventer-le-dechet.fr\/wp-content\/uploads\/2025\/11\/L1060198.jpg\" width=\"1200\" alt=\"\" class=\"slider-589 slide-592 msDefaultImage\" title=\"L1060198\" \/><div class=\"caption-wrap\"><div class=\"caption\"><div>Mumbai, Inde, 2018<\/div><\/div><\/div><\/li>\n            <\/ul>\n        <\/div>\n        \n    <\/div>\n<\/div>\n\n\n\n<p>Les t\u00f4les de carrosseries partent pour les usines sid\u00e9rurgiques : l&rsquo;apport de l&rsquo;informel colmate les failles de l&rsquo;\u00e9conomie circulaire et participe \u00e0 ses b\u00e9n\u00e9fices environnementaux. Reconna\u00eetre et inclure les r\u00e9cup\u00e9rateurs-recycleurs implique leur protection, l&rsquo;am\u00e9lioration de leurs conditions de travail et leur r\u00e9tribution au juste prix.<\/p>\n\n\n\n<p><strong>En savoir plus sur les travailleurs des d\u00e9chets en Inde :<\/strong><\/p>\n\n\n\n<p>un film de r\u00e9mi de Bercegol, chercheur au CNRS, <a href=\"https:\/\/images.cnrs.fr\/video\/7378\" target=\"_blank\" rel=\"noreferrer noopener\">\u00ab\u00a0Le peuple des d\u00e9chets\u00a0\u00bb<\/a>, 2020<\/p>\n\n\n\n<p class=\"has-text-align-right\"><a href=\"http:\/\/reinventer-le-dechet.fr\/\" data-type=\"link\" data-id=\"http:\/\/reinventer-le-dechet.fr\/\">Retour \u00e0 l&rsquo;accueil&#8230;<\/a><\/p>\n\n\n\n<p><\/p>\n","protected":false},"excerpt":{"rendered":"<p>Panneau pr\u00e9c\u00e9dent&#8230; Les t\u00f4les de carrosseries partent pour les usines sid\u00e9rurgiques : l&rsquo;apport de l&rsquo;informel colmate les failles de l&rsquo;\u00e9conomie circulaire et participe \u00e0 ses b\u00e9n\u00e9fices environnementaux. Reconna\u00eetre et inclure les r\u00e9cup\u00e9rateurs-recycleurs implique leur protection, l&rsquo;am\u00e9lioration de leurs conditions de travail et leur r\u00e9tribution au juste prix. En savoir plus sur les travailleurs des d\u00e9chets &#8230; <a title=\"Vers l&rsquo;usine\" class=\"read-more\" href=\"http:\/\/reinventer-le-dechet.fr\/?page_id=172\" aria-label=\"En savoir plus sur Vers l&rsquo;usine\">Lire plus<\/a><\/p>\n","protected":false},"author":1,"featured_media":0,"parent":0,"menu_order":0,"comment_status":"closed","ping_status":"closed","template":"","meta":{"footnotes":""},"class_list":["post-172","page","type-page","status-publish"],"_links":{"self":[{"href":"http:\/\/reinventer-le-dechet.fr\/index.php?rest_route=\/wp\/v2\/pages\/172","targetHints":{"allow":["GET"]}}],"collection":[{"href":"http:\/\/reinventer-le-dechet.fr\/index.php?rest_route=\/wp\/v2\/pages"}],"about":[{"href":"http:\/\/reinventer-le-dechet.fr\/index.php?rest_route=\/wp\/v2\/types\/page"}],"author":[{"embeddable":true,"href":"http:\/\/reinventer-le-dechet.fr\/index.php?rest_route=\/wp\/v2\/users\/1"}],"replies":[{"embeddable":true,"href":"http:\/\/reinventer-le-dechet.fr\/index.php?rest_route=%2Fwp%2Fv2%2Fcomments&post=172"}],"version-history":[{"count":7,"href":"http:\/\/reinventer-le-dechet.fr\/index.php?rest_route=\/wp\/v2\/pages\/172\/revisions"}],"predecessor-version":[{"id":815,"href":"http:\/\/reinventer-le-dechet.fr\/index.php?rest_route=\/wp\/v2\/pages\/172\/revisions\/815"}],"wp:attachment":[{"href":"http:\/\/reinventer-le-dechet.fr\/index.php?rest_route=%2Fwp%2Fv2%2Fmedia&parent=172"}],"curies":[{"name":"wp","href":"https:\/\/api.w.org\/{rel}","templated":true}]}}