{"id":29,"date":"2025-10-04T11:51:21","date_gmt":"2025-10-04T11:51:21","guid":{"rendered":"http:\/\/reinventer-le-dechet.fr\/?page_id=29"},"modified":"2025-11-29T17:31:51","modified_gmt":"2025-11-29T17:31:51","slug":"le-casseur-de-moteurs","status":"publish","type":"page","link":"http:\/\/reinventer-le-dechet.fr\/?page_id=29","title":{"rendered":"Le casseur de moteurs"},"content":{"rendered":"\n<p><a href=\"http:\/\/reinventer-le-dechet.fr\/?page_id=142\">Panneau pr\u00e9c\u00e9dent&#8230;<\/a><\/p>\n\n\n<div id=\"metaslider-id-45\" style=\"width: 100%;\" class=\"ml-slider-3-104-0 metaslider metaslider-flex metaslider-45 ml-slider hide-navigation-smartphone hide-navigation-tablet has-dots-nav ms-theme-default-base\" role=\"region\" aria-label=\"Rom_Bonneuil\" data-width=\"1200\">\n    <div id=\"metaslider_container_45\">\n        <div id=\"metaslider_45\">\n            <ul aria-live='off' class='slides'>\n                <li style=\"display: block; width: 100%;\" class=\"slide-46 ms-image \" aria-roledescription=\"slide\" data-date=\"2025-10-04 12:26:32\" data-filename=\"Rom_Bonneuil_1.jpg\" data-slide-type=\"image\"><img decoding=\"async\" src=\"http:\/\/reinventer-le-dechet.fr\/wp-content\/uploads\/2025\/10\/Rom_Bonneuil_1.jpg\" width=\"1200\" alt=\"\" class=\"slider-45 slide-46 msDefaultImage\" title=\"Rom_Bonneuil_1\" \/><div class=\"caption-wrap\"><div class=\"caption\"><div>Bonneuil-sur-Marne - Juin 2018<\/div><\/div><\/div><\/li>\n                <li style=\"display: none; width: 100%;\" class=\"slide-48 ms-image \" aria-roledescription=\"slide\" data-date=\"2025-10-04 12:26:32\" data-filename=\"Rom_Bonneuil_3.jpg\" data-slide-type=\"image\"><img decoding=\"async\" src=\"http:\/\/reinventer-le-dechet.fr\/wp-content\/uploads\/2025\/10\/Rom_Bonneuil_3.jpg\" width=\"1200\" alt=\"\" class=\"slider-45 slide-48 msDefaultImage\" title=\"Rom_Bonneuil_3\" \/><div class=\"caption-wrap\"><div class=\"caption\"><div>Bonneuil-sur-Marne - Juin 2018<\/div><\/div><\/div><\/li>\n                <li style=\"display: none; width: 100%;\" class=\"slide-260 ms-image \" aria-roledescription=\"slide\" data-date=\"2025-11-21 13:20:16\" data-filename=\"L1070717.jpg\" data-slide-type=\"image\"><img decoding=\"async\" src=\"http:\/\/reinventer-le-dechet.fr\/wp-content\/uploads\/2025\/11\/L1070717.jpg\" width=\"1200\" alt=\"\" class=\"slider-45 slide-260 msDefaultImage\" title=\"L1070717\" \/><div class=\"caption-wrap\"><div class=\"caption\"><div>Saint Ouen - novembre 2016<\/div><\/div><\/div><\/li>\n                <li style=\"display: none; width: 100%;\" class=\"slide-261 ms-image \" aria-roledescription=\"slide\" data-date=\"2025-11-21 13:20:28\" data-filename=\"DSC4118.jpg\" data-slide-type=\"image\"><img decoding=\"async\" src=\"http:\/\/reinventer-le-dechet.fr\/wp-content\/uploads\/2025\/11\/DSC4118.jpg\" width=\"1200\" alt=\"\" class=\"slider-45 slide-261 msDefaultImage\" title=\"_DSC4118\" \/><div class=\"caption-wrap\"><div class=\"caption\"><div>Gennevilliers - juin 2018<\/div><\/div><\/div><\/li>\n            <\/ul>\n        <\/div>\n        \n    <\/div>\n<\/div>\n\n\n\n<p><\/p>\n\n\n\n<figure class=\"wp-block-audio\"><audio controls src=\"http:\/\/reinventer-le-dechet.fr\/wp-content\/uploads\/2025\/10\/Rom_Bonneuil.mp3\"><\/audio><\/figure>\n\n\n\n<p><\/p>\n\n\n\n<p>Cet homme est en train de d\u00e9monter des moteurs pour en s\u00e9parer les diff\u00e9rents composants. Pour ce faire, il utilise une petite tron\u00e7onneuse \u00e0 m\u00e9tal aliment\u00e9e par un groupe \u00e9lectrog\u00e8ne. Cette t\u00e2che lui permet d\u2019en extraire le cuivre, dont le cours est 30 fois sup\u00e9rieur \u00e0 celui des m\u00e9taux ferreux.<br>Nous l\u2019avons rencontr\u00e9 en plein travail dans le port de Bonneuil-sur-Marne, tout pr\u00e8s d\u2019un grossiste ferrailleur auquel il revendra sa r\u00e9colte. Son rythme se divise en deux journ\u00e9es de glanage dans les rues de l\u2019agglom\u00e9ration parisienne suivies d\u2019une journ\u00e9e de d\u00e9montage qu\u2019il effectue toujours \u00e0 cet endroit, petit \u201cd\u00e9laiss\u00e9 urbain\u201c o\u00f9 il sait qu\u2019il peut travailler sans \u00eatre d\u00e9rang\u00e9.<\/p>\n\n\n\n<p><strong>Pour en savoir plus sur les r\u00e9cup\u00e9rateurs de ferraille<\/strong> :<\/p>\n\n\n\n<p>Un article de B\u00e9n\u00e9dicte Florin et Pascal Garret, <a href=\"https:\/\/www.revue-projet.com\/articles\/2020-06-florin-garret-les-recuperateurs-de-ferraille\/10557\" target=\"_blank\" rel=\"noreferrer noopener\">\u00ab\u00a0Les r\u00e9cup\u00e9rateurs de ferraille. Entre tol\u00e9rance et interdits\u00a0\u00bb<\/a>, <em>Revue Projet<\/em>, 2020.<\/p>\n\n\n\n<p class=\"has-text-align-right\"><a href=\"http:\/\/reinventer-le-dechet.fr\/?page_id=120\">Panneau suivant&#8230;<\/a><\/p>\n","protected":false},"excerpt":{"rendered":"<p>Panneau pr\u00e9c\u00e9dent&#8230; Cet homme est en train de d\u00e9monter des moteurs pour en s\u00e9parer les diff\u00e9rents composants. Pour ce faire, il utilise une petite tron\u00e7onneuse \u00e0 m\u00e9tal aliment\u00e9e par un groupe \u00e9lectrog\u00e8ne. Cette t\u00e2che lui permet d\u2019en extraire le cuivre, dont le cours est 30 fois sup\u00e9rieur \u00e0 celui des m\u00e9taux ferreux.Nous l\u2019avons rencontr\u00e9 en &#8230; <a title=\"Le casseur de moteurs\" class=\"read-more\" href=\"http:\/\/reinventer-le-dechet.fr\/?page_id=29\" aria-label=\"En savoir plus sur Le casseur de moteurs\">Lire plus<\/a><\/p>\n","protected":false},"author":1,"featured_media":0,"parent":0,"menu_order":0,"comment_status":"closed","ping_status":"closed","template":"","meta":{"footnotes":""},"class_list":["post-29","page","type-page","status-publish"],"_links":{"self":[{"href":"http:\/\/reinventer-le-dechet.fr\/index.php?rest_route=\/wp\/v2\/pages\/29","targetHints":{"allow":["GET"]}}],"collection":[{"href":"http:\/\/reinventer-le-dechet.fr\/index.php?rest_route=\/wp\/v2\/pages"}],"about":[{"href":"http:\/\/reinventer-le-dechet.fr\/index.php?rest_route=\/wp\/v2\/types\/page"}],"author":[{"embeddable":true,"href":"http:\/\/reinventer-le-dechet.fr\/index.php?rest_route=\/wp\/v2\/users\/1"}],"replies":[{"embeddable":true,"href":"http:\/\/reinventer-le-dechet.fr\/index.php?rest_route=%2Fwp%2Fv2%2Fcomments&post=29"}],"version-history":[{"count":17,"href":"http:\/\/reinventer-le-dechet.fr\/index.php?rest_route=\/wp\/v2\/pages\/29\/revisions"}],"predecessor-version":[{"id":697,"href":"http:\/\/reinventer-le-dechet.fr\/index.php?rest_route=\/wp\/v2\/pages\/29\/revisions\/697"}],"wp:attachment":[{"href":"http:\/\/reinventer-le-dechet.fr\/index.php?rest_route=%2Fwp%2Fv2%2Fmedia&parent=29"}],"curies":[{"name":"wp","href":"https:\/\/api.w.org\/{rel}","templated":true}]}}